{"id":19963,"date":"2025-12-04T15:22:01","date_gmt":"2025-12-04T15:22:01","guid":{"rendered":"http:\/\/betatest.fokal.org\/?page_id=19963"},"modified":"2025-12-04T15:40:26","modified_gmt":"2025-12-04T15:40:26","slug":"nos-programmes","status":"publish","type":"page","link":"http:\/\/betatest.fokal.org\/index.php\/nos-programmes\/","title":{"rendered":"Nos programmes"},"content":{"rendered":"\t\t<div data-elementor-type=\"wp-page\" data-elementor-id=\"19963\" class=\"elementor elementor-19963\">\n\t\t\t\t<div class=\"elementor-element elementor-element-5772ed4 e-flex e-con-boxed e-con e-parent\" data-id=\"5772ed4\" data-element_type=\"container\" data-e-type=\"container\">\n\t\t\t\t\t<div class=\"e-con-inner\">\n\t\t<div class=\"elementor-element elementor-element-38c5188 e-con-full e-flex e-con e-child\" data-id=\"38c5188\" data-element_type=\"container\" data-e-type=\"container\">\n\t\t\t\t<div class=\"elementor-element elementor-element-ab4e238 at-heading-animation at-animation-heading-style-2 elementor-invisible elementor-widget elementor-widget-heading\" data-id=\"ab4e238\" data-element_type=\"widget\" data-e-type=\"widget\" data-settings=\"{&quot;_animation&quot;:&quot;fadeIn&quot;,&quot;ekit_we_effect_on&quot;:&quot;none&quot;}\" data-widget_type=\"heading.default\">\n\t\t\t\t\t<h2 class=\"elementor-heading-title elementor-size-default\">Programmes et Initiatives <\/h2>\t\t\t\t<\/div>\n\t\t\t\t<\/div>\n\t\t<div class=\"elementor-element elementor-element-eb63755 e-con-full e-flex e-con e-child\" data-id=\"eb63755\" data-element_type=\"container\" data-e-type=\"container\">\n\t\t\t\t<div class=\"elementor-element elementor-element-0a46112 at-heading-animation at-animation-heading-none elementor-invisible elementor-widget elementor-widget-heading\" data-id=\"0a46112\" data-element_type=\"widget\" data-e-type=\"widget\" data-settings=\"{&quot;_animation&quot;:&quot;fadeInDown&quot;,&quot;ekit_we_effect_on&quot;:&quot;none&quot;}\" data-widget_type=\"heading.default\">\n\t\t\t\t\t<h3 class=\"elementor-heading-title elementor-size-default\"><a href=\"http:\/\/betatest.fokal.org\/index.php\/programmes-et-initiatives\/#promotion_des_structures\">Promotion des structures de la soci\u00e9t\u00e9<\/a><\/h3>\t\t\t\t<\/div>\n\t\t\t\t<\/div>\n\t\t\t\t\t<\/div>\n\t\t\t\t<\/div>\n\t\t<div class=\"elementor-element elementor-element-0e0139d e-flex e-con-boxed elementor-invisible e-con e-parent\" data-id=\"0e0139d\" data-element_type=\"container\" data-e-type=\"container\" data-settings=\"{&quot;animation&quot;:&quot;fadeIn&quot;}\">\n\t\t\t\t\t<div class=\"e-con-inner\">\n\t\t<div class=\"elementor-element elementor-element-5f63e47 e-con-full e-flex e-con e-child\" data-id=\"5f63e47\" data-element_type=\"container\" data-e-type=\"container\">\n\t\t<div class=\"elementor-element elementor-element-3e4d26c e-flex e-con-boxed e-con e-child\" data-id=\"3e4d26c\" data-element_type=\"container\" data-e-type=\"container\">\n\t\t\t\t\t<div class=\"e-con-inner\">\n\t\t\t\t<div class=\"elementor-element elementor-element-cdca36b our-feature-image at-image-animation at-animation-image-style-1 at-shiny-glass-effect elementor-widget-tablet__width-initial elementor-widget elementor-widget-image\" data-id=\"cdca36b\" data-element_type=\"widget\" data-e-type=\"widget\" data-settings=\"{&quot;ekit_we_effect_on&quot;:&quot;none&quot;}\" data-widget_type=\"image.default\">\n\t\t\t\t\t\t\t\t\t\t\t\t\t\t\t<img fetchpriority=\"high\" decoding=\"async\" width=\"1303\" height=\"900\" src=\"http:\/\/betatest.fokal.org\/wp-content\/uploads\/2025\/09\/etudes.jpg\" class=\"attachment-full size-full wp-image-19470\" alt=\"\" \/>\t\t\t\t\t\t\t\t\t\t\t\t\t\t\t<\/div>\n\t\t<div class=\"elementor-element elementor-element-4b8d3f7 e-con-full e-flex e-con e-child\" data-id=\"4b8d3f7\" data-element_type=\"container\" data-e-type=\"container\">\n\t\t<div class=\"elementor-element elementor-element-16701f2 e-con-full e-flex e-con e-child\" data-id=\"16701f2\" data-element_type=\"container\" data-e-type=\"container\">\n\t\t\t\t<div class=\"elementor-element elementor-element-032ce4b elementor-widget elementor-widget-icon-box\" data-id=\"032ce4b\" data-element_type=\"widget\" data-e-type=\"widget\" data-settings=\"{&quot;ekit_we_effect_on&quot;:&quot;none&quot;}\" data-widget_type=\"icon-box.default\">\n\t\t\t\t\t\t\t<div class=\"elementor-icon-box-wrapper\">\n\n\t\t\t\n\t\t\t\t\t\t<div class=\"elementor-icon-box-content\">\n\n\t\t\t\t\t\t\t\t\t<h3 class=\"elementor-icon-box-title\">\n\t\t\t\t\t\t<a href=\"http:\/\/betatest.fokal.org\/index.php\/programmes-et-initiatives\/#developpement_durable\" >\n\t\t\t\t\t\t\tD\u00e9veloppement durable\t\t\t\t\t\t<\/a>\n\t\t\t\t\t<\/h3>\n\t\t\t\t\n\t\t\t\t\t\t\t\t\t<p class=\"elementor-icon-box-description\">\n\t\t\t\t\t\tD\u00e8s sa cr\u00e9ation en 1995, FOKAL s\u2019est pench\u00e9e sur cette probl\u00e9matique en accordant un support technique et financier aux organisations op\u00e9rant dans ce domaine, particuli\u00e8rement des organisations paysannes et...\t\t\t\t\t<\/p>\n\t\t\t\t\n\t\t\t<\/div>\n\t\t\t\n\t\t<\/div>\n\t\t\t\t\t\t<\/div>\n\t\t\t\t<\/div>\n\t\t\t\t<\/div>\n\t\t\t\t\t<\/div>\n\t\t\t\t<\/div>\n\t\t\t\t<\/div>\n\t\t<div class=\"elementor-element elementor-element-f405234 e-con-full e-flex e-con e-child\" data-id=\"f405234\" data-element_type=\"container\" data-e-type=\"container\">\n\t\t<div class=\"elementor-element elementor-element-5260555 e-flex e-con-boxed e-con e-child\" data-id=\"5260555\" data-element_type=\"container\" data-e-type=\"container\">\n\t\t\t\t\t<div class=\"e-con-inner\">\n\t\t\t\t<div class=\"elementor-element elementor-element-d2475a0 our-feature-image at-image-animation at-animation-image-style-1 elementor-widget-tablet__width-initial elementor-widget elementor-widget-image\" data-id=\"d2475a0\" data-element_type=\"widget\" data-e-type=\"widget\" data-settings=\"{&quot;ekit_we_effect_on&quot;:&quot;none&quot;}\" data-widget_type=\"image.default\">\n\t\t\t\t\t\t\t\t\t\t\t\t\t\t\t<img decoding=\"async\" width=\"918\" height=\"529\" src=\"http:\/\/betatest.fokal.org\/wp-content\/uploads\/2025\/09\/OKap_4.jpg\" class=\"attachment-full size-full wp-image-19440\" alt=\"\" \/>\t\t\t\t\t\t\t\t\t\t\t\t\t\t\t<\/div>\n\t\t<div class=\"elementor-element elementor-element-583d63b e-con-full e-flex e-con e-child\" data-id=\"583d63b\" data-element_type=\"container\" data-e-type=\"container\">\n\t\t<div class=\"elementor-element elementor-element-7f1367e e-con-full e-flex e-con e-child\" data-id=\"7f1367e\" data-element_type=\"container\" data-e-type=\"container\">\n\t\t\t\t<div class=\"elementor-element elementor-element-2840f81 elementor-widget elementor-widget-icon-box\" data-id=\"2840f81\" data-element_type=\"widget\" data-e-type=\"widget\" data-settings=\"{&quot;ekit_we_effect_on&quot;:&quot;none&quot;}\" data-widget_type=\"icon-box.default\">\n\t\t\t\t\t\t\t<div class=\"elementor-icon-box-wrapper\">\n\n\t\t\t\n\t\t\t\t\t\t<div class=\"elementor-icon-box-content\">\n\n\t\t\t\t\t\t\t\t\t<h3 class=\"elementor-icon-box-title\">\n\t\t\t\t\t\t<a href=\"http:\/\/betatest.fokal.org\/index.php\/programmes-et-initiatives\/#droits\" >\n\t\t\t\t\t\t\tDroits humains, droits des femmes, et Soci\u00e9t\u00e9 civile\t\t\t\t\t\t<\/a>\n\t\t\t\t\t<\/h3>\n\t\t\t\t\n\t\t\t\t\t\t\t\t\t<p class=\"elementor-icon-box-description\">\n\t\t\t\t\t\tFOKAL soutient les organisations de la soci\u00e9t\u00e9 civile \u0153uvrant pour la protection des droits des personnes. Elle offre aussi des subventions \u00e0 des projets \u00e0 but non lucratif qui sont con\u00e7us pour la protection...\t\t\t\t\t<\/p>\n\t\t\t\t\n\t\t\t<\/div>\n\t\t\t\n\t\t<\/div>\n\t\t\t\t\t\t<\/div>\n\t\t\t\t<\/div>\n\t\t\t\t<\/div>\n\t\t\t\t\t<\/div>\n\t\t\t\t<\/div>\n\t\t\t\t<\/div>\n\t\t\t\t\t<\/div>\n\t\t\t\t<\/div>\n\t\t<div class=\"elementor-element elementor-element-f86ade6 e-flex e-con-boxed e-con e-parent\" data-id=\"f86ade6\" data-element_type=\"container\" data-e-type=\"container\">\n\t\t\t\t\t<div class=\"e-con-inner\">\n\t\t<div class=\"elementor-element elementor-element-84e1178 e-con-full e-flex e-con e-child\" data-id=\"84e1178\" data-element_type=\"container\" data-e-type=\"container\">\n\t\t\t\t<div class=\"elementor-element elementor-element-67ff1ab at-heading-animation at-animation-heading-none elementor-invisible elementor-widget elementor-widget-heading\" data-id=\"67ff1ab\" data-element_type=\"widget\" data-e-type=\"widget\" data-settings=\"{&quot;_animation&quot;:&quot;fadeInDown&quot;,&quot;ekit_we_effect_on&quot;:&quot;none&quot;}\" data-widget_type=\"heading.default\">\n\t\t\t\t\t<h3 class=\"elementor-heading-title elementor-size-default\"><a href=\"http:\/\/betatest.fokal.org\/index.php\/programmes-et-initiatives\/#favoriser_l_autonomie\">Favoriser l\u2019autonomie de l\u2019individu et l\u2019engagement citoyen<\/a><\/h3>\t\t\t\t<\/div>\n\t\t\t\t<\/div>\n\t\t\t\t\t<\/div>\n\t\t\t\t<\/div>\n\t\t<div class=\"elementor-element elementor-element-ed3a776 e-flex e-con-boxed elementor-invisible e-con e-parent\" data-id=\"ed3a776\" data-element_type=\"container\" data-e-type=\"container\" data-settings=\"{&quot;animation&quot;:&quot;fadeIn&quot;}\">\n\t\t\t\t\t<div class=\"e-con-inner\">\n\t\t<div class=\"elementor-element elementor-element-61dbb2d e-con-full e-flex e-con e-child\" data-id=\"61dbb2d\" data-element_type=\"container\" data-e-type=\"container\">\n\t\t<div class=\"elementor-element elementor-element-70f6577 e-con-full e-flex e-con e-child\" data-id=\"70f6577\" data-element_type=\"container\" data-e-type=\"container\">\n\t\t<div class=\"elementor-element elementor-element-5714868 e-flex e-con-boxed e-con e-child\" data-id=\"5714868\" data-element_type=\"container\" data-e-type=\"container\">\n\t\t\t\t\t<div class=\"e-con-inner\">\n\t\t\t\t<div class=\"elementor-element elementor-element-f57d13a our-feature-image at-image-animation at-animation-image-style-1 at-shiny-glass-effect elementor-widget-tablet__width-initial elementor-widget elementor-widget-image\" data-id=\"f57d13a\" data-element_type=\"widget\" data-e-type=\"widget\" data-settings=\"{&quot;ekit_we_effect_on&quot;:&quot;none&quot;}\" data-widget_type=\"image.default\">\n\t\t\t\t\t\t\t\t\t\t\t\t\t\t\t<img decoding=\"async\" width=\"5000\" height=\"3500\" src=\"http:\/\/betatest.fokal.org\/wp-content\/uploads\/2025\/10\/PIJ_1.jpg\" class=\"attachment-full size-full wp-image-19495\" alt=\"\" \/>\t\t\t\t\t\t\t\t\t\t\t\t\t\t\t<\/div>\n\t\t<div class=\"elementor-element elementor-element-9a03947 e-con-full e-flex e-con e-child\" data-id=\"9a03947\" data-element_type=\"container\" data-e-type=\"container\">\n\t\t<div class=\"elementor-element elementor-element-7efd902 e-con-full e-flex e-con e-child\" data-id=\"7efd902\" data-element_type=\"container\" data-e-type=\"container\">\n\t\t\t\t<div class=\"elementor-element elementor-element-8a3e78d elementor-widget elementor-widget-icon-box\" data-id=\"8a3e78d\" data-element_type=\"widget\" data-e-type=\"widget\" data-settings=\"{&quot;ekit_we_effect_on&quot;:&quot;none&quot;}\" data-widget_type=\"icon-box.default\">\n\t\t\t\t\t\t\t<div class=\"elementor-icon-box-wrapper\">\n\n\t\t\t\n\t\t\t\t\t\t<div class=\"elementor-icon-box-content\">\n\n\t\t\t\t\t\t\t\t\t<h3 class=\"elementor-icon-box-title\">\n\t\t\t\t\t\t<a href=\"http:\/\/betatest.fokal.org\/index.php\/programmes-et-initiatives\/#programme_initiative_jeune\" >\n\t\t\t\t\t\t\tInitiative Jeune\t\t\t\t\t\t<\/a>\n\t\t\t\t\t<\/h3>\n\t\t\t\t\n\t\t\t\t\t\t\t\t\t<p class=\"elementor-icon-box-description\">\n\t\t\t\t\t\tCe programme d\u00e9veloppe les aptitudes du d\u00e9bat contradictoire dans une optique citoyenne. Le d\u00e9bat apprend aux jeunes \u00e0 d\u00e9velopper leur pens\u00e9e critique, leur capacit\u00e9 d\u2019expression, leur aptitude \u00e0 la recherche ind\u00e9pendante et...\t\t\t\t\t<\/p>\n\t\t\t\t\n\t\t\t<\/div>\n\t\t\t\n\t\t<\/div>\n\t\t\t\t\t\t<\/div>\n\t\t\t\t<\/div>\n\t\t\t\t<\/div>\n\t\t\t\t\t<\/div>\n\t\t\t\t<\/div>\n\t\t\t\t<\/div>\n\t\t<div class=\"elementor-element elementor-element-df19dc5 e-con-full e-flex e-con e-child\" data-id=\"df19dc5\" data-element_type=\"container\" data-e-type=\"container\">\n\t\t<div class=\"elementor-element elementor-element-43ab7e2 e-flex e-con-boxed e-con e-child\" data-id=\"43ab7e2\" data-element_type=\"container\" data-e-type=\"container\">\n\t\t\t\t\t<div class=\"e-con-inner\">\n\t\t\t\t<div class=\"elementor-element elementor-element-7560f1d our-feature-image at-image-animation at-animation-image-style-1 at-shiny-glass-effect elementor-widget-tablet__width-initial elementor-widget elementor-widget-image\" data-id=\"7560f1d\" data-element_type=\"widget\" data-e-type=\"widget\" data-settings=\"{&quot;ekit_we_effect_on&quot;:&quot;none&quot;}\" data-widget_type=\"image.default\">\n\t\t\t\t\t\t\t\t\t\t\t\t\t\t\t<img loading=\"lazy\" decoding=\"async\" width=\"1200\" height=\"700\" src=\"http:\/\/betatest.fokal.org\/wp-content\/uploads\/2025\/10\/Anba_Tonel_site.png\" class=\"attachment-full size-full wp-image-19778\" alt=\"\" \/>\t\t\t\t\t\t\t\t\t\t\t\t\t\t\t<\/div>\n\t\t<div class=\"elementor-element elementor-element-5cce46d e-con-full e-flex e-con e-child\" data-id=\"5cce46d\" data-element_type=\"container\" data-e-type=\"container\">\n\t\t<div class=\"elementor-element elementor-element-87ed955 e-con-full e-flex e-con e-child\" data-id=\"87ed955\" data-element_type=\"container\" data-e-type=\"container\">\n\t\t\t\t<div class=\"elementor-element elementor-element-e33ee67 elementor-widget elementor-widget-icon-box\" data-id=\"e33ee67\" data-element_type=\"widget\" data-e-type=\"widget\" data-settings=\"{&quot;ekit_we_effect_on&quot;:&quot;none&quot;}\" data-widget_type=\"icon-box.default\">\n\t\t\t\t\t\t\t<div class=\"elementor-icon-box-wrapper\">\n\n\t\t\t\n\t\t\t\t\t\t<div class=\"elementor-icon-box-content\">\n\n\t\t\t\t\t\t\t\t\t<h3 class=\"elementor-icon-box-title\">\n\t\t\t\t\t\t<a href=\"http:\/\/betatest.fokal.org\/index.php\/programmes-et-initiatives\/#education\" >\n\t\t\t\t\t\t\t\u00c9ducation\t\t\t\t\t\t<\/a>\n\t\t\t\t\t<\/h3>\n\t\t\t\t\n\t\t\t\t\t\t\t\t\t<p class=\"elementor-icon-box-description\">\n\t\t\t\t\t\tFOKAL d\u00e9veloppe \u00e0 travers ce programme un ensemble d\u2019activit\u00e9s concernant la recherche, le renforcement institutionnel et le d\u00e9veloppement des capacit\u00e9s d\u2019innovation sociales et technologiques du pays. Ce programme d\u00e9veloppe des...\t\t\t\t\t<\/p>\n\t\t\t\t\n\t\t\t<\/div>\n\t\t\t\n\t\t<\/div>\n\t\t\t\t\t\t<\/div>\n\t\t\t\t<\/div>\n\t\t\t\t<\/div>\n\t\t\t\t\t<\/div>\n\t\t\t\t<\/div>\n\t\t\t\t<\/div>\n\t\t\t\t<\/div>\n\t\t\t\t\t<\/div>\n\t\t\t\t<\/div>\n\t\t<div class=\"elementor-element elementor-element-2684dbd e-flex e-con-boxed e-con e-parent\" data-id=\"2684dbd\" data-element_type=\"container\" data-e-type=\"container\">\n\t\t\t\t\t<div class=\"e-con-inner\">\n\t\t<div class=\"elementor-element elementor-element-b148572 e-con-full e-flex e-con e-child\" data-id=\"b148572\" data-element_type=\"container\" data-e-type=\"container\">\n\t\t<div class=\"elementor-element elementor-element-b5f1f00 e-con-full e-flex e-con e-child\" data-id=\"b5f1f00\" data-element_type=\"container\" data-e-type=\"container\">\n\t\t\t\t<div class=\"elementor-element elementor-element-48ccae9 at-heading-animation at-animation-heading-none elementor-invisible elementor-widget elementor-widget-heading\" data-id=\"48ccae9\" data-element_type=\"widget\" data-e-type=\"widget\" data-settings=\"{&quot;_animation&quot;:&quot;fadeInDown&quot;,&quot;ekit_we_effect_on&quot;:&quot;none&quot;}\" data-widget_type=\"heading.default\">\n\t\t\t\t\t<h3 class=\"elementor-heading-title elementor-size-default\"><a href=\"http:\/\/betatest.fokal.org\/index.php\/programmes-et-initiatives\/#renforcement_des_processus_organisationnels\">Renforcement des processus organisationnels<\/a><\/h3>\t\t\t\t<\/div>\n\t\t\t\t<\/div>\n\t\t\t\t<\/div>\n\t\t\t\t\t<\/div>\n\t\t\t\t<\/div>\n\t\t<div class=\"elementor-element elementor-element-6fb60d2 e-flex e-con-boxed elementor-invisible e-con e-parent\" data-id=\"6fb60d2\" data-element_type=\"container\" data-e-type=\"container\" data-settings=\"{&quot;animation&quot;:&quot;fadeIn&quot;}\">\n\t\t\t\t\t<div class=\"e-con-inner\">\n\t\t<div class=\"elementor-element elementor-element-110a732 e-con-full e-flex e-con e-child\" data-id=\"110a732\" data-element_type=\"container\" data-e-type=\"container\">\n\t\t<div class=\"elementor-element elementor-element-5fa13d4 e-con-full e-flex e-con e-child\" data-id=\"5fa13d4\" data-element_type=\"container\" data-e-type=\"container\">\n\t\t<div class=\"elementor-element elementor-element-c06c891 e-con-full e-flex e-con e-child\" data-id=\"c06c891\" data-element_type=\"container\" data-e-type=\"container\">\n\t\t<div class=\"elementor-element elementor-element-aad3886 e-flex e-con-boxed e-con e-child\" data-id=\"aad3886\" data-element_type=\"container\" data-e-type=\"container\">\n\t\t\t\t\t<div class=\"e-con-inner\">\n\t\t\t\t<div class=\"elementor-element elementor-element-5677167 our-feature-image at-image-animation at-animation-image-style-1 at-shiny-glass-effect elementor-widget-tablet__width-initial elementor-widget elementor-widget-image\" data-id=\"5677167\" data-element_type=\"widget\" data-e-type=\"widget\" data-settings=\"{&quot;ekit_we_effect_on&quot;:&quot;none&quot;}\" data-widget_type=\"image.default\">\n\t\t\t\t\t\t\t\t\t\t\t\t\t\t\t<img loading=\"lazy\" decoding=\"async\" width=\"6016\" height=\"4011\" src=\"http:\/\/betatest.fokal.org\/wp-content\/uploads\/2025\/06\/FOKAL-Atelier-Danse-Marc-Aurel_BA_6724-HD-sans-TAG-6_.jpg\" class=\"attachment-full size-full wp-image-14962\" alt=\"\" \/>\t\t\t\t\t\t\t\t\t\t\t\t\t\t\t<\/div>\n\t\t<div class=\"elementor-element elementor-element-f3d1061 e-con-full e-flex e-con e-child\" data-id=\"f3d1061\" data-element_type=\"container\" data-e-type=\"container\">\n\t\t<div class=\"elementor-element elementor-element-8d1d845 e-con-full e-flex e-con e-child\" data-id=\"8d1d845\" data-element_type=\"container\" data-e-type=\"container\">\n\t\t\t\t<div class=\"elementor-element elementor-element-a7946fb elementor-widget elementor-widget-icon-box\" data-id=\"a7946fb\" data-element_type=\"widget\" data-e-type=\"widget\" data-settings=\"{&quot;ekit_we_effect_on&quot;:&quot;none&quot;}\" data-widget_type=\"icon-box.default\">\n\t\t\t\t\t\t\t<div class=\"elementor-icon-box-wrapper\">\n\n\t\t\t\n\t\t\t\t\t\t<div class=\"elementor-icon-box-content\">\n\n\t\t\t\t\t\t\t\t\t<h3 class=\"elementor-icon-box-title\">\n\t\t\t\t\t\t<a href=\"http:\/\/betatest.fokal.org\/index.php\/programmes-et-initiatives\/#art_et_culture\" >\n\t\t\t\t\t\t\tArt et Culture\t\t\t\t\t\t<\/a>\n\t\t\t\t\t<\/h3>\n\t\t\t\t\n\t\t\t\t\t\t\t\t\t<p class=\"elementor-icon-box-description\">\n\t\t\t\t\t\tDepuis 1999, FOKAL soutient par des appels \u00e0 projets et des subventions cibl\u00e9es des artistes individuels ainsi que des collectifs artistiques et culturels dans tous les domaines de la cr\u00e9ation. Ce programme appuie \u00e9galement des...\t\t\t\t\t<\/p>\n\t\t\t\t\n\t\t\t<\/div>\n\t\t\t\n\t\t<\/div>\n\t\t\t\t\t\t<\/div>\n\t\t\t\t<\/div>\n\t\t\t\t<\/div>\n\t\t\t\t\t<\/div>\n\t\t\t\t<\/div>\n\t\t\t\t<\/div>\n\t\t<div class=\"elementor-element elementor-element-7db4c4a e-con-full e-flex e-con e-child\" data-id=\"7db4c4a\" data-element_type=\"container\" data-e-type=\"container\">\n\t\t<div class=\"elementor-element elementor-element-add1b2e e-flex e-con-boxed e-con e-child\" data-id=\"add1b2e\" data-element_type=\"container\" data-e-type=\"container\">\n\t\t\t\t\t<div class=\"e-con-inner\">\n\t\t\t\t<div class=\"elementor-element elementor-element-b091f0c our-feature-image at-image-animation at-animation-image-style-1 at-shiny-glass-effect elementor-widget-tablet__width-initial elementor-widget elementor-widget-image\" data-id=\"b091f0c\" data-element_type=\"widget\" data-e-type=\"widget\" data-settings=\"{&quot;ekit_we_effect_on&quot;:&quot;none&quot;}\" data-widget_type=\"image.default\">\n\t\t\t\t\t\t\t\t\t\t\t\t\t\t\t<img loading=\"lazy\" decoding=\"async\" width=\"5995\" height=\"3997\" src=\"http:\/\/betatest.fokal.org\/wp-content\/uploads\/2025\/06\/FOKAL-06022018-Maison-Dufort-Visite-OSF-avec-P.Gaspard-Cocktail-et-Danse_BA_8536-HD-sans-TAG-110_.jpg\" class=\"attachment-full size-full wp-image-15038\" alt=\"\" \/>\t\t\t\t\t\t\t\t\t\t\t\t\t\t\t<\/div>\n\t\t<div class=\"elementor-element elementor-element-33afc05 e-con-full e-flex e-con e-child\" data-id=\"33afc05\" data-element_type=\"container\" data-e-type=\"container\">\n\t\t<div class=\"elementor-element elementor-element-ce89289 e-con-full e-flex e-con e-child\" data-id=\"ce89289\" data-element_type=\"container\" data-e-type=\"container\">\n\t\t\t\t<div class=\"elementor-element elementor-element-3908ff8 elementor-widget elementor-widget-icon-box\" data-id=\"3908ff8\" data-element_type=\"widget\" data-e-type=\"widget\" data-settings=\"{&quot;ekit_we_effect_on&quot;:&quot;none&quot;}\" data-widget_type=\"icon-box.default\">\n\t\t\t\t\t\t\t<div class=\"elementor-icon-box-wrapper\">\n\n\t\t\t\n\t\t\t\t\t\t<div class=\"elementor-icon-box-content\">\n\n\t\t\t\t\t\t\t\t\t<h3 class=\"elementor-icon-box-title\">\n\t\t\t\t\t\t<a href=\"http:\/\/betatest.fokal.org\/index.php\/programmes-et-initiatives\/#patrimoine\" >\n\t\t\t\t\t\t\tPatrimoine\t\t\t\t\t\t<\/a>\n\t\t\t\t\t<\/h3>\n\t\t\t\t\n\t\t\t\t\t\t\t\t\t<p class=\"elementor-icon-box-description\">\n\t\t\t\t\t\tD\u00e8s sa cr\u00e9ation en 1995, FOKAL a accord\u00e9 une grande importance \u00e0 l\u2019histoire et \u00e0 la valorisation du patrimoine mat\u00e9riel et immat\u00e9riel \u00e0 travers tous ses programmes, tout particuli\u00e8rement dans le cadre du programme arts et culture...\t\t\t\t\t<\/p>\n\t\t\t\t\n\t\t\t<\/div>\n\t\t\t\n\t\t<\/div>\n\t\t\t\t\t\t<\/div>\n\t\t\t\t<\/div>\n\t\t\t\t<\/div>\n\t\t\t\t\t<\/div>\n\t\t\t\t<\/div>\n\t\t\t\t<\/div>\n\t\t\t\t<\/div>\n\t\t\t\t<\/div>\n\t\t\t\t\t<\/div>\n\t\t\t\t<\/div>\n\t\t<div class=\"elementor-element elementor-element-321f79a e-flex e-con-boxed e-con e-parent\" data-id=\"321f79a\" data-element_type=\"container\" data-e-type=\"container\">\n\t\t\t\t\t<div class=\"e-con-inner\">\n\t\t\t\t<div class=\"elementor-element elementor-element-85db2b6 elementor-widget elementor-widget-html\" data-id=\"85db2b6\" data-element_type=\"widget\" data-e-type=\"widget\" data-settings=\"{&quot;ekit_we_effect_on&quot;:&quot;none&quot;}\" data-widget_type=\"html.default\">\n\t\t\t\t\t<script>\r\n  document.addEventListener('DOMContentLoaded', function () {\r\n    const header = document.querySelector('.header-version-1');\r\n    const trigger = document.querySelector('.elementor-19963');\r\n\r\n    if (!header || !trigger) return;\r\n\r\n    const triggerOffset = trigger.offsetTop;\r\n\r\n    window.addEventListener('scroll', function () {\r\n      if (window.scrollY >= triggerOffset) {\r\n        header.classList.add('is-sticky');\r\n      } else {\r\n        header.classList.remove('is-sticky');\r\n      }\r\n    });\r\n  });\r\n<\/script>\r\n\t\t\t\t<\/div>\n\t\t\t\t\t<\/div>\n\t\t\t\t<\/div>\n\t\t\t\t<\/div>\n\t\t","protected":false},"excerpt":{"rendered":"<p>Programmes et Initiatives Promotion des structures de la soci\u00e9t\u00e9 [&hellip;]<\/p>\n","protected":false},"author":1,"featured_media":0,"parent":0,"menu_order":0,"comment_status":"closed","ping_status":"closed","template":"elementor_header_footer","meta":{"give_campaign_id":0,"footnotes":""},"class_list":["post-19963","page","type-page","status-publish","hentry"],"campaignId":"","_links":{"self":[{"href":"http:\/\/betatest.fokal.org\/index.php\/wp-json\/wp\/v2\/pages\/19963","targetHints":{"allow":["GET"]}}],"collection":[{"href":"http:\/\/betatest.fokal.org\/index.php\/wp-json\/wp\/v2\/pages"}],"about":[{"href":"http:\/\/betatest.fokal.org\/index.php\/wp-json\/wp\/v2\/types\/page"}],"author":[{"embeddable":true,"href":"http:\/\/betatest.fokal.org\/index.php\/wp-json\/wp\/v2\/users\/1"}],"replies":[{"embeddable":true,"href":"http:\/\/betatest.fokal.org\/index.php\/wp-json\/wp\/v2\/comments?post=19963"}],"version-history":[{"count":7,"href":"http:\/\/betatest.fokal.org\/index.php\/wp-json\/wp\/v2\/pages\/19963\/revisions"}],"predecessor-version":[{"id":19971,"href":"http:\/\/betatest.fokal.org\/index.php\/wp-json\/wp\/v2\/pages\/19963\/revisions\/19971"}],"wp:attachment":[{"href":"http:\/\/betatest.fokal.org\/index.php\/wp-json\/wp\/v2\/media?parent=19963"}],"curies":[{"name":"wp","href":"https:\/\/api.w.org\/{rel}","templated":true}]}}