{"id":19630,"date":"2025-10-16T18:01:56","date_gmt":"2025-10-16T18:01:56","guid":{"rendered":"http:\/\/betatest.fokal.org\/?page_id=19630"},"modified":"2025-12-18T17:44:52","modified_gmt":"2025-12-18T17:44:52","slug":"sibvansyon-yo","status":"publish","type":"page","link":"http:\/\/betatest.fokal.org\/index.php\/kr\/sibvansyon-yo\/","title":{"rendered":"Sibvansyon-yo"},"content":{"rendered":"\t\t<div data-elementor-type=\"wp-page\" data-elementor-id=\"19630\" class=\"elementor elementor-19630\">\n\t\t\t\t<div class=\"elementor-element elementor-element-70ad8d3 e-con-full e-flex e-con e-parent\" data-id=\"70ad8d3\" data-element_type=\"container\" data-e-type=\"container\">\n\t\t\t\t<\/div>\n\t\t<div class=\"elementor-element elementor-element-e19700d e-flex e-con-boxed e-con e-parent\" data-id=\"e19700d\" data-element_type=\"container\" data-e-type=\"container\">\n\t\t\t\t\t<div class=\"e-con-inner\">\n\t\t<div class=\"elementor-element elementor-element-cc2f8b9 e-con-full e-flex e-con e-child\" data-id=\"cc2f8b9\" data-element_type=\"container\" data-e-type=\"container\">\n\t\t\t\t<div class=\"elementor-element elementor-element-546ad39 at-heading-animation at-animation-heading-style-2 elementor-widget elementor-widget-heading\" data-id=\"546ad39\" data-element_type=\"widget\" data-e-type=\"widget\" data-settings=\"{&quot;ekit_we_effect_on&quot;:&quot;none&quot;}\" data-widget_type=\"heading.default\">\n\t\t\t\t\t<h2 class=\"elementor-heading-title elementor-size-default\">Kategori sibvansyon yo<\/h2>\t\t\t\t<\/div>\n\t\t\t\t<\/div>\n\t\t<div class=\"elementor-element elementor-element-c061e93 e-con-full e-flex e-con e-child\" data-id=\"c061e93\" data-element_type=\"container\" data-e-type=\"container\">\n\t\t\t\t<div class=\"elementor-element elementor-element-2162bfb elementor-widget__width-initial causes-item elementor-widget-mobile__width-inherit ekit-equal-height-disable elementor-invisible elementor-widget elementor-widget-elementskit-image-box\" data-id=\"2162bfb\" data-element_type=\"widget\" data-e-type=\"widget\" data-settings=\"{&quot;_animation&quot;:&quot;fadeInUp&quot;,&quot;ekit_we_effect_on&quot;:&quot;none&quot;}\" data-widget_type=\"elementskit-image-box.default\">\n\t\t\t\t\t<div class=\"ekit-wid-con\" >\n            <div class=\"elementskit-info-image-box ekit-image-box text-center simple-card\" >\n\n                \n                <div class=\"elementskit-box-header image-box-img-center\">\n\n                    <img fetchpriority=\"high\" decoding=\"async\" width=\"1000\" height=\"667\" src=\"http:\/\/betatest.fokal.org\/wp-content\/uploads\/2025\/06\/edi-13.jpg\" class=\"attachment-full size-full wp-image-15011\" alt=\"\" \/>\n                <\/div>\n                \n                <div class=\"elementskit-box-body ekit-image-box-body\">\n                    <div class=\"elementskit-box-content ekit-image-box-body-inner\">\n                                                <h3 class=\"elementskit-info-box-title\">\n\n                        Atizay ak Kilti\n                        \n                    <\/h3>\n                                                        <\/div>\n\n                            <\/div>\n            <\/div>\n    <\/div>\t\t\t\t<\/div>\n\t\t\t\t<div class=\"elementor-element elementor-element-0364d3c elementor-widget__width-initial causes-item elementor-widget-mobile__width-inherit ekit-equal-height-disable elementor-invisible elementor-widget elementor-widget-elementskit-image-box\" data-id=\"0364d3c\" data-element_type=\"widget\" data-e-type=\"widget\" data-settings=\"{&quot;_animation&quot;:&quot;fadeInUp&quot;,&quot;_animation_delay&quot;:100,&quot;ekit_we_effect_on&quot;:&quot;none&quot;}\" data-widget_type=\"elementskit-image-box.default\">\n\t\t\t\t\t<div class=\"ekit-wid-con\" >\n            <div class=\"elementskit-info-image-box ekit-image-box text-center simple-card\" >\n\n                \n                <div class=\"elementskit-box-header image-box-img-center\">\n\n                    <img decoding=\"async\" width=\"5184\" height=\"3456\" src=\"http:\/\/betatest.fokal.org\/wp-content\/uploads\/2025\/06\/IMG_0172.jpg\" class=\"attachment-full size-full wp-image-14827\" alt=\"\" \/>\n                <\/div>\n                \n                <div class=\"elementskit-box-body ekit-image-box-body\">\n                    <div class=\"elementskit-box-content ekit-image-box-body-inner\">\n                                                <h3 class=\"elementskit-info-box-title\">\n\n                        Sip\u00f2 pou etid\n                        \n                    <\/h3>\n                                                        <\/div>\n\n                            <\/div>\n            <\/div>\n    <\/div>\t\t\t\t<\/div>\n\t\t\t\t<div class=\"elementor-element elementor-element-9f29b17 elementor-widget__width-initial causes-item elementor-widget-mobile__width-inherit ekit-equal-height-disable elementor-invisible elementor-widget elementor-widget-elementskit-image-box\" data-id=\"9f29b17\" data-element_type=\"widget\" data-e-type=\"widget\" data-settings=\"{&quot;_animation&quot;:&quot;fadeInUp&quot;,&quot;_animation_delay&quot;:200,&quot;ekit_we_effect_on&quot;:&quot;none&quot;}\" data-widget_type=\"elementskit-image-box.default\">\n\t\t\t\t\t<div class=\"ekit-wid-con\" >\n            <div class=\"elementskit-info-image-box ekit-image-box text-center simple-card\" >\n\n                \n                <div class=\"elementskit-box-header image-box-img-center\">\n\n                    <img decoding=\"async\" width=\"5472\" height=\"3648\" src=\"http:\/\/betatest.fokal.org\/wp-content\/uploads\/2025\/06\/10octobre.jpg\" class=\"attachment-full size-full wp-image-14830\" alt=\"\" \/>\n                <\/div>\n                \n                <div class=\"elementskit-box-body ekit-image-box-body\">\n                    <div class=\"elementskit-box-content ekit-image-box-body-inner\">\n                                                <h3 class=\"elementskit-info-box-title\">\n\n                        L\u00f2t sibvansyon\n                        \n                    <\/h3>\n                                                        <\/div>\n\n                            <\/div>\n            <\/div>\n    <\/div>\t\t\t\t<\/div>\n\t\t\t\t<\/div>\n\t\t\t\t\t<\/div>\n\t\t\t\t<\/div>\n\t\t<div class=\"elementor-element elementor-element-cc1acf9 e-flex e-con-boxed e-con e-parent\" data-id=\"cc1acf9\" data-element_type=\"container\" data-e-type=\"container\" data-settings=\"{&quot;background_background&quot;:&quot;classic&quot;}\">\n\t\t\t\t\t<div class=\"e-con-inner\">\n\t\t<div class=\"elementor-element elementor-element-9af2686 e-con-full animated-slow e-flex elementor-invisible e-con e-child\" data-id=\"9af2686\" data-element_type=\"container\" data-e-type=\"container\" data-settings=\"{&quot;animation&quot;:&quot;fadeInLeft&quot;}\">\n\t\t\t\t<div class=\"elementor-element elementor-element-d77be65 at-heading-animation at-animation-heading-none elementor-widget elementor-widget-heading\" data-id=\"d77be65\" data-element_type=\"widget\" data-e-type=\"widget\" data-settings=\"{&quot;ekit_we_effect_on&quot;:&quot;none&quot;}\" data-widget_type=\"heading.default\">\n\t\t\t\t\t<h2 class=\"elementor-heading-title elementor-size-default\">Sibvansyon<\/h2>\t\t\t\t<\/div>\n\t\t\t\t<div class=\"elementor-element elementor-element-cce5f77 elementor-widget elementor-widget-text-editor\" data-id=\"cce5f77\" data-element_type=\"widget\" data-e-type=\"widget\" data-settings=\"{&quot;ekit_we_effect_on&quot;:&quot;none&quot;}\" data-widget_type=\"text-editor.default\">\n\t\t\t\t\t\t\t\t\t<p data-start=\"3969\" data-end=\"4162\">Nouvo demann yo dwe f\u00e8t sou ent\u00e8n\u00e8t atrav\u00e8 sit <a class=\"decorated-link\" href=\"http:\/\/www.fokal.org\" target=\"_new\" rel=\"noopener\" data-start=\"4022\" data-end=\"4035\">www.fokal.org<\/a>, ak yon f\u00f2m ki f\u00e8t espesyalman pou sa. Depi fevriye 2016, FOKAL pa resevwa nouvo demann sou papye ni pa email.<\/p><p data-start=\"4164\" data-end=\"4362\">Sibvansyon ki bay nan kad <em data-start=\"4190\" data-end=\"4212\">Pwoj\u00e8 Matisan an<\/em> pa kons\u00e8ne pa chanjman sa a. Pou plis enf\u00f2masyon sou sibvansyon ki gen rap\u00f2 ak pwoj\u00e8 FOKAL nan Matisan, tanpri kontakte biwo Pak Matisan an:<\/p><ul><li>Tel :<em><strong> 28 13 1695<\/strong><\/em><\/li><li>Email: <em><strong><a href=\"mailto:parcdemartissant@fokal.org\">parcdemartissant@fokal.org<\/a><\/strong><\/em><\/li><\/ul><p><a href=\"http:\/\/betatest.fokal.org\/index.php\/kr\/sibvansyon\/\">Li plis&#8230;<\/a><\/p>\t\t\t\t\t\t\t\t<\/div>\n\t\t\t\t<\/div>\n\t\t<div class=\"elementor-element elementor-element-c06c569 e-con-full animated-slow e-flex elementor-invisible e-con e-child\" data-id=\"c06c569\" data-element_type=\"container\" data-e-type=\"container\" data-settings=\"{&quot;animation&quot;:&quot;fadeInRight&quot;}\">\n\t\t\t\t<div class=\"elementor-element elementor-element-2f91b37 at-heading-animation at-animation-heading-none elementor-widget elementor-widget-heading\" data-id=\"2f91b37\" data-element_type=\"widget\" data-e-type=\"widget\" data-settings=\"{&quot;ekit_we_effect_on&quot;:&quot;none&quot;}\" data-widget_type=\"heading.default\">\n\t\t\t\t\t<h2 class=\"elementor-heading-title elementor-size-default\">Titory\u00e8l<\/h2>\t\t\t\t<\/div>\n\t\t\t\t<div class=\"elementor-element elementor-element-eef53fd elementor-widget elementor-widget-text-editor\" data-id=\"eef53fd\" data-element_type=\"widget\" data-e-type=\"widget\" data-settings=\"{&quot;ekit_we_effect_on&quot;:&quot;none&quot;}\" data-widget_type=\"text-editor.default\">\n\t\t\t\t\t\t\t\t\t<ul><li><a href=\"http:\/\/ec2-54-86-215-170.compute-1.amazonaws.com\/wp-content\/uploads\/2025\/06\/2022fr_Tutoriel_Kiskey_Art_appel_a_proposition_Financement_tiers.pdf\">Titory\u00e8l Atizay ak Kilti pwoj\u00e8 Kiskey&#8217;Art<\/a><\/li><li><a href=\"http:\/\/ec2-54-86-215-170.compute-1.amazonaws.com\/wp-content\/uploads\/2025\/06\/2022fr_Tutoriel_Art_culture_appel.pdf\">Titory\u00e8l Atizay ak Kilti<\/a><\/li><li class=\"item-287\"><a href=\"http:\/\/ec2-54-86-215-170.compute-1.amazonaws.com\/wp-content\/uploads\/2025\/06\/2022_fr_Tutoriel_appui_aux_tudes_v2.pdf\">Titory\u00e8l sip\u00f2 pou etid<\/a><\/li><li class=\"item-288\"><a href=\"http:\/\/ec2-54-86-215-170.compute-1.amazonaws.com\/wp-content\/uploads\/2025\/06\/2022fr_Tutoriel_Autres_subventions_v2.pdf\">Titory\u00e8l l\u00f2t sibvansyon<\/a><\/li><\/ul>\t\t\t\t\t\t\t\t<\/div>\n\t\t\t\t<\/div>\n\t\t\t\t\t<\/div>\n\t\t\t\t<\/div>\n\t\t<div class=\"elementor-element elementor-element-cf79bed e-flex e-con-boxed e-con e-parent\" data-id=\"cf79bed\" data-element_type=\"container\" data-e-type=\"container\">\n\t\t\t\t\t<div class=\"e-con-inner\">\n\t\t\t\t<div class=\"elementor-element elementor-element-0acc07f elementor-widget elementor-widget-html\" data-id=\"0acc07f\" data-element_type=\"widget\" data-e-type=\"widget\" data-settings=\"{&quot;ekit_we_effect_on&quot;:&quot;none&quot;}\" data-widget_type=\"html.default\">\n\t\t\t\t\t<script>\r\n  document.addEventListener('DOMContentLoaded', function () {\r\n    const header = document.querySelector('.header-version-1');\r\n    const trigger = document.querySelector('.elementor-element-e19700d');\r\n\r\n    if (!header || !trigger) return;\r\n\r\n    const triggerOffset = trigger.offsetTop;\r\n\r\n    window.addEventListener('scroll', function () {\r\n      if (window.scrollY >= triggerOffset) {\r\n        header.classList.add('is-sticky');\r\n      } else {\r\n        header.classList.remove('is-sticky');\r\n      }\r\n    });\r\n  });\r\n<\/script>\r\n\t\t\t\t<\/div>\n\t\t\t\t\t<\/div>\n\t\t\t\t<\/div>\n\t\t\t\t<\/div>\n\t\t","protected":false},"excerpt":{"rendered":"<p>Kategori sibvansyon yo Atizay ak Kilti Sip\u00f2 pou etid [&hellip;]<\/p>\n","protected":false},"author":1,"featured_media":0,"parent":0,"menu_order":0,"comment_status":"closed","ping_status":"closed","template":"elementor_header_footer","meta":{"give_campaign_id":0,"footnotes":""},"class_list":["post-19630","page","type-page","status-publish","hentry"],"campaignId":"","_links":{"self":[{"href":"http:\/\/betatest.fokal.org\/index.php\/wp-json\/wp\/v2\/pages\/19630","targetHints":{"allow":["GET"]}}],"collection":[{"href":"http:\/\/betatest.fokal.org\/index.php\/wp-json\/wp\/v2\/pages"}],"about":[{"href":"http:\/\/betatest.fokal.org\/index.php\/wp-json\/wp\/v2\/types\/page"}],"author":[{"embeddable":true,"href":"http:\/\/betatest.fokal.org\/index.php\/wp-json\/wp\/v2\/users\/1"}],"replies":[{"embeddable":true,"href":"http:\/\/betatest.fokal.org\/index.php\/wp-json\/wp\/v2\/comments?post=19630"}],"version-history":[{"count":16,"href":"http:\/\/betatest.fokal.org\/index.php\/wp-json\/wp\/v2\/pages\/19630\/revisions"}],"predecessor-version":[{"id":20090,"href":"http:\/\/betatest.fokal.org\/index.php\/wp-json\/wp\/v2\/pages\/19630\/revisions\/20090"}],"wp:attachment":[{"href":"http:\/\/betatest.fokal.org\/index.php\/wp-json\/wp\/v2\/media?parent=19630"}],"curies":[{"name":"wp","href":"https:\/\/api.w.org\/{rel}","templated":true}]}}