{"id":19597,"date":"2025-10-16T15:43:17","date_gmt":"2025-10-16T15:43:17","guid":{"rendered":"http:\/\/betatest.fokal.org\/?page_id=19597"},"modified":"2025-10-16T16:40:38","modified_gmt":"2025-10-16T16:40:38","slug":"manm-konsey-administrasyon","status":"publish","type":"page","link":"http:\/\/betatest.fokal.org\/index.php\/kr\/manm-konsey-administrasyon\/","title":{"rendered":"Manm Kons\u00e8y administrasyon"},"content":{"rendered":"\t\t<div data-elementor-type=\"wp-page\" data-elementor-id=\"19597\" class=\"elementor elementor-19597\">\n\t\t\t\t<div class=\"elementor-element elementor-element-c3ddca1 e-flex e-con-boxed e-con e-parent\" data-id=\"c3ddca1\" data-element_type=\"container\" data-e-type=\"container\">\n\t\t\t\t\t<div class=\"e-con-inner\">\n\t\t\t\t<div class=\"elementor-element elementor-element-8e32a5b at-heading-animation at-animation-heading-none elementor-widget elementor-widget-heading\" data-id=\"8e32a5b\" data-element_type=\"widget\" data-e-type=\"widget\" id=\"membre-maxime\" data-settings=\"{&quot;ekit_we_effect_on&quot;:&quot;none&quot;}\" data-widget_type=\"heading.default\">\n\t\t\t\t\t<h2 class=\"elementor-heading-title elementor-size-default\">Maxime D. Charles, Prezidan<\/h2>\t\t\t\t<\/div>\n\t\t\t\t\t<\/div>\n\t\t\t\t<\/div>\n\t\t<div class=\"elementor-element elementor-element-d5f7f04 e-flex e-con-boxed e-con e-parent\" data-id=\"d5f7f04\" data-element_type=\"container\" data-e-type=\"container\">\n\t\t\t\t\t<div class=\"e-con-inner\">\n\t\t<div class=\"elementor-element elementor-element-258e7ab e-con-full e-flex e-con e-child\" data-id=\"258e7ab\" data-element_type=\"container\" data-e-type=\"container\">\n\t\t\t\t<div class=\"elementor-element elementor-element-a2e176b at-image-animation at-animation-image-none at-none elementor-widget elementor-widget-image\" data-id=\"a2e176b\" data-element_type=\"widget\" data-e-type=\"widget\" data-settings=\"{&quot;ekit_we_effect_on&quot;:&quot;none&quot;}\" data-widget_type=\"image.default\">\n\t\t\t\t\t\t\t\t\t\t\t\t\t\t\t<img fetchpriority=\"high\" decoding=\"async\" width=\"269\" height=\"229\" src=\"http:\/\/betatest.fokal.org\/wp-content\/uploads\/2025\/06\/maxime.png\" class=\"attachment-large size-large wp-image-14803\" alt=\"\" \/>\t\t\t\t\t\t\t\t\t\t\t\t\t\t\t<\/div>\n\t\t\t\t<\/div>\n\t\t<div class=\"elementor-element elementor-element-740af4d e-con-full e-flex e-con e-child\" data-id=\"740af4d\" data-element_type=\"container\" data-e-type=\"container\">\n\t\t\t\t<div class=\"elementor-element elementor-element-5ff596c elementor-widget elementor-widget-text-editor\" data-id=\"5ff596c\" data-element_type=\"widget\" data-e-type=\"widget\" data-settings=\"{&quot;ekit_we_effect_on&quot;:&quot;none&quot;}\" data-widget_type=\"text-editor.default\">\n\t\t\t\t\t\t\t\t\t<p>Ansyen PDG Bank Nova Scotia an Ayiti. Kary\u00e8 legal ak finansye li gen ladan li ans\u00e8yman dwa ent\u00e8nasyonal ant 1985 ak 1991 nan Iniv\u00e8site Leta Ayiti, ak egzekisyon misyon ent\u00e8nasyonal o Kanada ak Karayib la pou bank Nouv\u00e8l Ek\u00f2s ant 1992 ak 1996.<br data-start=\"1261\" data-end=\"1264\" \/>Mesye Charles aktif nan plizy\u00e8 dom\u00e8n pwofesyon\u00e8l ak \u00f2ganizasyon sosyete sivil. Li jwe w\u00f2l manm kons\u00e8y administrasyon Tribinal Abitraj Chanm Kom\u00e8s Ayiti ak w\u00f2l prezidan Komite Kont Blanchiman Lajan ak Asosyasyon Bankye Pwofesyon\u00e8l yo. Li itilize pozisyon li nan komite kont blanchiman lajan ak nan asosyasyon bankye a pou rasanble gwoup sa yo epi ankouraje ref\u00f2m legal.<br data-start=\"1637\" data-end=\"1640\" \/>Mesye Charles gen yon Lisans nan Iniv\u00e8site Leta Ayiti ak yon Metriz nan Fakilte Dwa Iniv\u00e8site Provence an Frans.<\/p>\t\t\t\t\t\t\t\t<\/div>\n\t\t\t\t<\/div>\n\t\t\t\t\t<\/div>\n\t\t\t\t<\/div>\n\t\t<div class=\"elementor-element elementor-element-384159f e-flex e-con-boxed e-con e-parent\" data-id=\"384159f\" data-element_type=\"container\" data-e-type=\"container\">\n\t\t\t\t\t<div class=\"e-con-inner\">\n\t\t\t\t<div class=\"elementor-element elementor-element-f8cf13c elementor-widget elementor-widget-spacer\" data-id=\"f8cf13c\" data-element_type=\"widget\" data-e-type=\"widget\" data-settings=\"{&quot;ekit_we_effect_on&quot;:&quot;none&quot;}\" data-widget_type=\"spacer.default\">\n\t\t\t\t\t\t\t<div class=\"elementor-spacer\">\n\t\t\t<div class=\"elementor-spacer-inner\"><\/div>\n\t\t<\/div>\n\t\t\t\t\t\t<\/div>\n\t\t\t\t\t<\/div>\n\t\t\t\t<\/div>\n\t\t<div class=\"elementor-element elementor-element-aff20de e-flex e-con-boxed e-con e-parent\" data-id=\"aff20de\" data-element_type=\"container\" data-e-type=\"container\">\n\t\t\t\t\t<div class=\"e-con-inner\">\n\t\t\t\t<div class=\"elementor-element elementor-element-279cb54 at-heading-animation at-animation-heading-none elementor-widget elementor-widget-heading\" data-id=\"279cb54\" data-element_type=\"widget\" data-e-type=\"widget\" id=\"membre-daniele\" data-settings=\"{&quot;ekit_we_effect_on&quot;:&quot;none&quot;}\" data-widget_type=\"heading.default\">\n\t\t\t\t\t<h2 class=\"elementor-heading-title elementor-size-default\">Daniele Magloire, Vis Prezidant<\/h2>\t\t\t\t<\/div>\n\t\t\t\t\t<\/div>\n\t\t\t\t<\/div>\n\t\t<div class=\"elementor-element elementor-element-743f840 e-flex e-con-boxed e-con e-parent\" data-id=\"743f840\" data-element_type=\"container\" data-e-type=\"container\">\n\t\t\t\t\t<div class=\"e-con-inner\">\n\t\t<div class=\"elementor-element elementor-element-f41e23f e-con-full e-flex e-con e-child\" data-id=\"f41e23f\" data-element_type=\"container\" data-e-type=\"container\">\n\t\t\t\t<div class=\"elementor-element elementor-element-b075652 at-image-animation at-animation-image-none at-none elementor-widget elementor-widget-image\" data-id=\"b075652\" data-element_type=\"widget\" data-e-type=\"widget\" data-settings=\"{&quot;ekit_we_effect_on&quot;:&quot;none&quot;}\" data-widget_type=\"image.default\">\n\t\t\t\t\t\t\t\t\t\t\t\t\t\t\t<img decoding=\"async\" width=\"275\" height=\"232\" src=\"http:\/\/betatest.fokal.org\/wp-content\/uploads\/2025\/06\/daniele.png\" class=\"attachment-large size-large wp-image-14802\" alt=\"\" \/>\t\t\t\t\t\t\t\t\t\t\t\t\t\t\t<\/div>\n\t\t\t\t<\/div>\n\t\t<div class=\"elementor-element elementor-element-6565ae2 e-con-full e-flex e-con e-child\" data-id=\"6565ae2\" data-element_type=\"container\" data-e-type=\"container\">\n\t\t\t\t<div class=\"elementor-element elementor-element-5bc258a elementor-widget elementor-widget-text-editor\" data-id=\"5bc258a\" data-element_type=\"widget\" data-e-type=\"widget\" data-settings=\"{&quot;ekit_we_effect_on&quot;:&quot;none&quot;}\" data-widget_type=\"text-editor.default\">\n\t\t\t\t\t\t\t\t\t<p>Sosyol\u00f2g, konsiltant nan jesyon, militant dwa moun, epi manm fondatris \u00f2ganizasyon feminis Kay Fanm, ki jere yon refij nan P\u00f2toprens pou viktim vyolans seksy\u00e8l, epi k ap travay pou pwomosyon dwa fanm ak devlopman ekonomik. Li te patisipe nan devlopman politik nasyonal ak repons kont vyolans ki baze sou s\u00e8ks, epi li se kow\u00f2donatris Kolektif Kont Enpinite, yon gwoup ki jwe yon w\u00f2l enp\u00f2tan nan jef\u00f2 pou mennen ansyen prezidan Jean-Claude Duvalier ak asosye li yo devan lajistis an Ayiti.<br data-start=\"1581\" data-end=\"1584\" \/>Madam Magloire te yon manm enp\u00f2tan nan kons\u00e8y konsiltatif gouv\u00e8nman an pandan gouv\u00e8nman tranzisyon apre Aristid la soti 2004 rive 2006. Apre s\u00e8vis li nan gouv\u00e8nman an, Magloire te vin Direkt\u00e8 Egzekitif biwo ayisyen ONG Kanadyen Dwa ak Demokrasi, kote li te dirije f\u00f2masyon sou dwa moun ak defans jiska 2012, l\u00e8 gouv\u00e8nman Harper te f\u00e8men Dwa ak Demokrasi o Kanada.<\/p>\t\t\t\t\t\t\t\t<\/div>\n\t\t\t\t<\/div>\n\t\t\t\t\t<\/div>\n\t\t\t\t<\/div>\n\t\t<div class=\"elementor-element elementor-element-a4c8c10 e-flex e-con-boxed e-con e-parent\" data-id=\"a4c8c10\" data-element_type=\"container\" data-e-type=\"container\">\n\t\t\t\t\t<div class=\"e-con-inner\">\n\t\t\t\t<div class=\"elementor-element elementor-element-8c89b1a elementor-widget elementor-widget-spacer\" data-id=\"8c89b1a\" data-element_type=\"widget\" data-e-type=\"widget\" data-settings=\"{&quot;ekit_we_effect_on&quot;:&quot;none&quot;}\" data-widget_type=\"spacer.default\">\n\t\t\t\t\t\t\t<div class=\"elementor-spacer\">\n\t\t\t<div class=\"elementor-spacer-inner\"><\/div>\n\t\t<\/div>\n\t\t\t\t\t\t<\/div>\n\t\t\t\t\t<\/div>\n\t\t\t\t<\/div>\n\t\t<div class=\"elementor-element elementor-element-f360e6f e-flex e-con-boxed e-con e-parent\" data-id=\"f360e6f\" data-element_type=\"container\" data-e-type=\"container\">\n\t\t\t\t\t<div class=\"e-con-inner\">\n\t\t\t\t<div class=\"elementor-element elementor-element-7637a2a at-heading-animation at-animation-heading-none elementor-widget elementor-widget-heading\" data-id=\"7637a2a\" data-element_type=\"widget\" data-e-type=\"widget\" id=\"membre-norma\" data-settings=\"{&quot;ekit_we_effect_on&quot;:&quot;none&quot;}\" data-widget_type=\"heading.default\">\n\t\t\t\t\t<h2 class=\"elementor-heading-title elementor-size-default\">Norma Powell, Sekret\u00e8<\/h2>\t\t\t\t<\/div>\n\t\t\t\t\t<\/div>\n\t\t\t\t<\/div>\n\t\t<div class=\"elementor-element elementor-element-22ea07a e-flex e-con-boxed e-con e-parent\" data-id=\"22ea07a\" data-element_type=\"container\" data-e-type=\"container\">\n\t\t\t\t\t<div class=\"e-con-inner\">\n\t\t<div class=\"elementor-element elementor-element-b9a4795 e-con-full e-flex e-con e-child\" data-id=\"b9a4795\" data-element_type=\"container\" data-e-type=\"container\">\n\t\t\t\t<div class=\"elementor-element elementor-element-ef9c442 at-image-animation at-animation-image-none at-none elementor-widget elementor-widget-image\" data-id=\"ef9c442\" data-element_type=\"widget\" data-e-type=\"widget\" data-settings=\"{&quot;ekit_we_effect_on&quot;:&quot;none&quot;}\" data-widget_type=\"image.default\">\n\t\t\t\t\t\t\t\t\t\t\t\t\t\t\t<img decoding=\"async\" width=\"267\" height=\"230\" src=\"http:\/\/betatest.fokal.org\/wp-content\/uploads\/2025\/06\/norma.png\" class=\"attachment-large size-large wp-image-14801\" alt=\"\" \/>\t\t\t\t\t\t\t\t\t\t\t\t\t\t\t<\/div>\n\t\t\t\t<\/div>\n\t\t<div class=\"elementor-element elementor-element-536709c e-con-full e-flex e-con e-child\" data-id=\"536709c\" data-element_type=\"container\" data-e-type=\"container\">\n\t\t\t\t<div class=\"elementor-element elementor-element-e94f993 elementor-widget elementor-widget-text-editor\" data-id=\"e94f993\" data-element_type=\"widget\" data-e-type=\"widget\" data-settings=\"{&quot;ekit_we_effect_on&quot;:&quot;none&quot;}\" data-widget_type=\"text-editor.default\">\n\t\t\t\t\t\t\t\t\t<p>Ansy\u00e8n Direktris Jeneral Sant pou Fasilitasyon Envestisman (CFI), ajans nasyonal pou pwomosyon envestisman an Ayiti. Manm fondatris Pati Liberal Ayisyen ak Asosyasyon Ayisy\u00e8n pou Lit Kont Povrete.<br data-start=\"1078\" data-end=\"1081\" \/>Angajman Powell nan filantwopi gen ladan kreyasyon Asosyasyon pou Jesyon Risk ak kontinwite aktivite Biznis yo, yon inisyativ sekt\u00e8 prive k ap travay ak otorite lokal yo pou ede anpeche epi reponn a katastw\u00f2f yo. Li se manm kons\u00e8y administrasyon Haven, yon \u00f2ganizasyon lojman ak devlopman kominot\u00e8 ki baze an Iland, ki travay ak Ayisyen pou konstwi oswa repare plizy\u00e8 milye kay epi pou retabli ijy\u00e8n piblik ak kondisyon sanit\u00e8 apre tranblemannt\u00e8 2010 la.<\/p>\t\t\t\t\t\t\t\t<\/div>\n\t\t\t\t<\/div>\n\t\t\t\t\t<\/div>\n\t\t\t\t<\/div>\n\t\t<div class=\"elementor-element elementor-element-acf2f4c e-flex e-con-boxed e-con e-parent\" data-id=\"acf2f4c\" data-element_type=\"container\" data-e-type=\"container\">\n\t\t\t\t\t<div class=\"e-con-inner\">\n\t\t\t\t<div class=\"elementor-element elementor-element-3c22d5a elementor-widget elementor-widget-spacer\" data-id=\"3c22d5a\" data-element_type=\"widget\" data-e-type=\"widget\" data-settings=\"{&quot;ekit_we_effect_on&quot;:&quot;none&quot;}\" data-widget_type=\"spacer.default\">\n\t\t\t\t\t\t\t<div class=\"elementor-spacer\">\n\t\t\t<div class=\"elementor-spacer-inner\"><\/div>\n\t\t<\/div>\n\t\t\t\t\t\t<\/div>\n\t\t\t\t\t<\/div>\n\t\t\t\t<\/div>\n\t\t<div class=\"elementor-element elementor-element-2956c9d e-flex e-con-boxed e-con e-parent\" data-id=\"2956c9d\" data-element_type=\"container\" data-e-type=\"container\">\n\t\t\t\t\t<div class=\"e-con-inner\">\n\t\t\t\t<div class=\"elementor-element elementor-element-3fbb1e4 at-heading-animation at-animation-heading-none elementor-widget elementor-widget-heading\" data-id=\"3fbb1e4\" data-element_type=\"widget\" data-e-type=\"widget\" id=\"membre-jean\" data-settings=\"{&quot;ekit_we_effect_on&quot;:&quot;none&quot;}\" data-widget_type=\"heading.default\">\n\t\t\t\t\t<h2 class=\"elementor-heading-title elementor-size-default\">Jean-Joseph Exum\u00e9, Manm<\/h2>\t\t\t\t<\/div>\n\t\t\t\t\t<\/div>\n\t\t\t\t<\/div>\n\t\t<div class=\"elementor-element elementor-element-3faf2da e-flex e-con-boxed e-con e-parent\" data-id=\"3faf2da\" data-element_type=\"container\" data-e-type=\"container\">\n\t\t\t\t\t<div class=\"e-con-inner\">\n\t\t<div class=\"elementor-element elementor-element-d9b639f e-con-full e-flex e-con e-child\" data-id=\"d9b639f\" data-element_type=\"container\" data-e-type=\"container\">\n\t\t\t\t<div class=\"elementor-element elementor-element-0330487 at-image-animation at-animation-image-none at-none elementor-widget elementor-widget-image\" data-id=\"0330487\" data-element_type=\"widget\" data-e-type=\"widget\" data-settings=\"{&quot;ekit_we_effect_on&quot;:&quot;none&quot;}\" data-widget_type=\"image.default\">\n\t\t\t\t\t\t\t\t\t\t\t\t\t\t\t<img loading=\"lazy\" decoding=\"async\" width=\"269\" height=\"231\" src=\"http:\/\/betatest.fokal.org\/wp-content\/uploads\/2025\/06\/exume.png\" class=\"attachment-large size-large wp-image-14800\" alt=\"\" \/>\t\t\t\t\t\t\t\t\t\t\t\t\t\t\t<\/div>\n\t\t\t\t<\/div>\n\t\t<div class=\"elementor-element elementor-element-cb79d53 e-con-full e-flex e-con e-child\" data-id=\"cb79d53\" data-element_type=\"container\" data-e-type=\"container\">\n\t\t\t\t<div class=\"elementor-element elementor-element-e7321c6 elementor-widget elementor-widget-text-editor\" data-id=\"e7321c6\" data-element_type=\"widget\" data-e-type=\"widget\" data-settings=\"{&quot;ekit_we_effect_on&quot;:&quot;none&quot;}\" data-widget_type=\"text-editor.default\">\n\t\t\t\t\t\t\t\t\t<p>Avoka espesyalize nan dwa sivil ak dwa kom\u00e8syal, li te s\u00e8vi k\u00f2m Minis Jistis ak Sekirite Piblik de fwa.\u00a0 Youn nan fwa yo se te nan gouv\u00e8nman Mich\u00e8le D. Pierre-Louis (2008\u20132009). Li se yon avoka benev\u00f2l pou gwoup viktim rejim Duvalier a , Kolektif Kont Enpinite, epi li se manm kons\u00e8y administrasyon <em data-start=\"1041\" data-end=\"1069\">Sant <\/em>Ekimenik pou Dwa Moun.<br data-start=\"1070\" data-end=\"1073\" \/>Li te manm komisyon prezidansy\u00e8l ki te etabli an janvye 2012 pou revize K\u00f2d Penal Ayisyen an ki gen plis pase 180 lane (yon pwoj\u00e8 revizyon k\u00f2d penal la te soum\u00e8t an mas 2015).<\/p>\t\t\t\t\t\t\t\t<\/div>\n\t\t\t\t<div class=\"elementor-element elementor-element-539e0aa elementor-widget elementor-widget-spacer\" data-id=\"539e0aa\" data-element_type=\"widget\" data-e-type=\"widget\" data-settings=\"{&quot;ekit_we_effect_on&quot;:&quot;none&quot;}\" data-widget_type=\"spacer.default\">\n\t\t\t\t\t\t\t<div class=\"elementor-spacer\">\n\t\t\t<div class=\"elementor-spacer-inner\"><\/div>\n\t\t<\/div>\n\t\t\t\t\t\t<\/div>\n\t\t\t\t<\/div>\n\t\t\t\t\t<\/div>\n\t\t\t\t<\/div>\n\t\t<div class=\"elementor-element elementor-element-2a4ee80 e-flex e-con-boxed e-con e-parent\" data-id=\"2a4ee80\" data-element_type=\"container\" data-e-type=\"container\">\n\t\t\t\t\t<div class=\"e-con-inner\">\n\t\t\t\t\t<\/div>\n\t\t\t\t<\/div>\n\t\t<div class=\"elementor-element elementor-element-bc15aa1 e-flex e-con-boxed e-con e-parent\" data-id=\"bc15aa1\" data-element_type=\"container\" data-e-type=\"container\">\n\t\t\t\t\t<div class=\"e-con-inner\">\n\t\t\t\t<div class=\"elementor-element elementor-element-220aa1d at-heading-animation at-animation-heading-none elementor-widget elementor-widget-heading\" data-id=\"220aa1d\" data-element_type=\"widget\" data-e-type=\"widget\" id=\"membre-elisabeth\" data-settings=\"{&quot;ekit_we_effect_on&quot;:&quot;none&quot;}\" data-widget_type=\"heading.default\">\n\t\t\t\t\t<h2 class=\"elementor-heading-title elementor-size-default\">Elisabeth Colimon Woolley, Manm<\/h2>\t\t\t\t<\/div>\n\t\t\t\t\t<\/div>\n\t\t\t\t<\/div>\n\t\t<div class=\"elementor-element elementor-element-c1fa52e e-flex e-con-boxed e-con e-parent\" data-id=\"c1fa52e\" data-element_type=\"container\" data-e-type=\"container\">\n\t\t\t\t\t<div class=\"e-con-inner\">\n\t\t<div class=\"elementor-element elementor-element-558ca4f e-con-full e-flex e-con e-child\" data-id=\"558ca4f\" data-element_type=\"container\" data-e-type=\"container\">\n\t\t\t\t<div class=\"elementor-element elementor-element-452808a at-image-animation at-animation-image-none at-none elementor-widget elementor-widget-image\" data-id=\"452808a\" data-element_type=\"widget\" data-e-type=\"widget\" data-settings=\"{&quot;ekit_we_effect_on&quot;:&quot;none&quot;}\" data-widget_type=\"image.default\">\n\t\t\t\t\t\t\t\t\t\t\t\t\t\t\t<img loading=\"lazy\" decoding=\"async\" width=\"268\" height=\"229\" src=\"http:\/\/betatest.fokal.org\/wp-content\/uploads\/2025\/06\/elisabeth.png\" class=\"attachment-large size-large wp-image-14799\" alt=\"\" \/>\t\t\t\t\t\t\t\t\t\t\t\t\t\t\t<\/div>\n\t\t\t\t<\/div>\n\t\t<div class=\"elementor-element elementor-element-01b9c65 e-con-full e-flex e-con e-child\" data-id=\"01b9c65\" data-element_type=\"container\" data-e-type=\"container\">\n\t\t\t\t<div class=\"elementor-element elementor-element-64f6ca3 elementor-widget elementor-widget-text-editor\" data-id=\"64f6ca3\" data-element_type=\"widget\" data-e-type=\"widget\" data-settings=\"{&quot;ekit_we_effect_on&quot;:&quot;none&quot;}\" data-widget_type=\"text-editor.default\">\n\t\t\t\t\t\t\t\t\t<p>Li se yon avokat militant b\u00f2 kote Dantes P. Colimon epi li se manm Baro P\u00f2toprens depi 1978. Li te jwenn lisans li nan etid jiridik nan Fakilte Dwa ak Syans Ekonomik an 1980.<br data-start=\"925\" data-end=\"928\" \/>Li se manm Kons\u00e8y Administrasyon Asosyasyon Avoka P\u00f2 Lach Ayiti a ak Fon Ayiti pou ede Fanm; Manm Komite Etik Sant GHESKIO yo ak Kl\u00e8b Ent\u00e8nasyonal Soroptimist P\u00f2toprens. Li enterese ak mikwokredi, etik ak devlopman p\u00e8son\u00e8l.<\/p>\t\t\t\t\t\t\t\t<\/div>\n\t\t\t\t<\/div>\n\t\t\t\t\t<\/div>\n\t\t\t\t<\/div>\n\t\t\t\t<\/div>\n\t\t","protected":false},"excerpt":{"rendered":"<p>Maxime D. Charles, Prezidan Ansyen PDG Bank Nova Scotia [&hellip;]<\/p>\n","protected":false},"author":1,"featured_media":0,"parent":0,"menu_order":0,"comment_status":"closed","ping_status":"closed","template":"","meta":{"give_campaign_id":0,"footnotes":""},"class_list":["post-19597","page","type-page","status-publish","hentry"],"campaignId":"","_links":{"self":[{"href":"http:\/\/betatest.fokal.org\/index.php\/wp-json\/wp\/v2\/pages\/19597","targetHints":{"allow":["GET"]}}],"collection":[{"href":"http:\/\/betatest.fokal.org\/index.php\/wp-json\/wp\/v2\/pages"}],"about":[{"href":"http:\/\/betatest.fokal.org\/index.php\/wp-json\/wp\/v2\/types\/page"}],"author":[{"embeddable":true,"href":"http:\/\/betatest.fokal.org\/index.php\/wp-json\/wp\/v2\/users\/1"}],"replies":[{"embeddable":true,"href":"http:\/\/betatest.fokal.org\/index.php\/wp-json\/wp\/v2\/comments?post=19597"}],"version-history":[{"count":4,"href":"http:\/\/betatest.fokal.org\/index.php\/wp-json\/wp\/v2\/pages\/19597\/revisions"}],"predecessor-version":[{"id":19603,"href":"http:\/\/betatest.fokal.org\/index.php\/wp-json\/wp\/v2\/pages\/19597\/revisions\/19603"}],"wp:attachment":[{"href":"http:\/\/betatest.fokal.org\/index.php\/wp-json\/wp\/v2\/media?parent=19597"}],"curies":[{"name":"wp","href":"https:\/\/api.w.org\/{rel}","templated":true}]}}