{"id":18814,"date":"2025-07-17T14:40:18","date_gmt":"2025-07-17T14:40:18","guid":{"rendered":"http:\/\/betatest.fokal.org\/?page_id=18814"},"modified":"2025-12-18T17:42:25","modified_gmt":"2025-12-18T17:42:25","slug":"subventions","status":"publish","type":"page","link":"http:\/\/betatest.fokal.org\/index.php\/subventions\/","title":{"rendered":"Subventions-"},"content":{"rendered":"\t\t<div data-elementor-type=\"wp-page\" data-elementor-id=\"18814\" class=\"elementor elementor-18814\">\n\t\t\t\t<div class=\"elementor-element elementor-element-70ad8d3 e-con-full e-flex e-con e-parent\" data-id=\"70ad8d3\" data-element_type=\"container\" data-e-type=\"container\">\n\t\t\t\t<\/div>\n\t\t<div class=\"elementor-element elementor-element-e19700d e-flex e-con-boxed e-con e-parent\" data-id=\"e19700d\" data-element_type=\"container\" data-e-type=\"container\">\n\t\t\t\t\t<div class=\"e-con-inner\">\n\t\t<div class=\"elementor-element elementor-element-cc2f8b9 e-con-full e-flex e-con e-child\" data-id=\"cc2f8b9\" data-element_type=\"container\" data-e-type=\"container\">\n\t\t\t\t<div class=\"elementor-element elementor-element-546ad39 at-heading-animation at-animation-heading-style-2 elementor-widget elementor-widget-heading\" data-id=\"546ad39\" data-element_type=\"widget\" data-e-type=\"widget\" data-settings=\"{&quot;ekit_we_effect_on&quot;:&quot;none&quot;}\" data-widget_type=\"heading.default\">\n\t\t\t\t\t<h2 class=\"elementor-heading-title elementor-size-default\">Cat\u00e9gories de Subventions<\/h2>\t\t\t\t<\/div>\n\t\t\t\t<\/div>\n\t\t<div class=\"elementor-element elementor-element-c061e93 e-con-full e-flex e-con e-child\" data-id=\"c061e93\" data-element_type=\"container\" data-e-type=\"container\">\n\t\t\t\t<div class=\"elementor-element elementor-element-2162bfb elementor-widget__width-initial causes-item elementor-widget-mobile__width-inherit ekit-equal-height-disable elementor-invisible elementor-widget elementor-widget-elementskit-image-box\" data-id=\"2162bfb\" data-element_type=\"widget\" data-e-type=\"widget\" data-settings=\"{&quot;_animation&quot;:&quot;fadeInUp&quot;,&quot;ekit_we_effect_on&quot;:&quot;none&quot;}\" data-widget_type=\"elementskit-image-box.default\">\n\t\t\t\t\t<div class=\"ekit-wid-con\" >\n            <div class=\"elementskit-info-image-box ekit-image-box text-center simple-card\" >\n\n                \n                <div class=\"elementskit-box-header image-box-img-center\">\n\n                    <img fetchpriority=\"high\" decoding=\"async\" width=\"1000\" height=\"667\" src=\"http:\/\/betatest.fokal.org\/wp-content\/uploads\/2025\/06\/edi-13.jpg\" class=\"attachment-full size-full wp-image-15011\" alt=\"\" \/>\n                <\/div>\n                \n                <div class=\"elementskit-box-body ekit-image-box-body\">\n                    <div class=\"elementskit-box-content ekit-image-box-body-inner\">\n                                                <h3 class=\"elementskit-info-box-title\">\n\n                        Art et Culture\n                        \n                    <\/h3>\n                                                        <\/div>\n\n                            <\/div>\n            <\/div>\n    <\/div>\t\t\t\t<\/div>\n\t\t\t\t<div class=\"elementor-element elementor-element-0364d3c elementor-widget__width-initial causes-item elementor-widget-mobile__width-inherit ekit-equal-height-disable elementor-invisible elementor-widget elementor-widget-elementskit-image-box\" data-id=\"0364d3c\" data-element_type=\"widget\" data-e-type=\"widget\" data-settings=\"{&quot;_animation&quot;:&quot;fadeInUp&quot;,&quot;_animation_delay&quot;:100,&quot;ekit_we_effect_on&quot;:&quot;none&quot;}\" data-widget_type=\"elementskit-image-box.default\">\n\t\t\t\t\t<div class=\"ekit-wid-con\" >\n            <div class=\"elementskit-info-image-box ekit-image-box text-center simple-card\" >\n\n                \n                <div class=\"elementskit-box-header image-box-img-center\">\n\n                    <img decoding=\"async\" width=\"5184\" height=\"3456\" src=\"http:\/\/betatest.fokal.org\/wp-content\/uploads\/2025\/06\/IMG_0172.jpg\" class=\"attachment-full size-full wp-image-14827\" alt=\"\" \/>\n                <\/div>\n                \n                <div class=\"elementskit-box-body ekit-image-box-body\">\n                    <div class=\"elementskit-box-content ekit-image-box-body-inner\">\n                                                <h3 class=\"elementskit-info-box-title\">\n\n                        Appui aux \u00e9tudes\n                        \n                    <\/h3>\n                                                        <\/div>\n\n                            <\/div>\n            <\/div>\n    <\/div>\t\t\t\t<\/div>\n\t\t\t\t<div class=\"elementor-element elementor-element-9f29b17 elementor-widget__width-initial causes-item elementor-widget-mobile__width-inherit ekit-equal-height-disable elementor-invisible elementor-widget elementor-widget-elementskit-image-box\" data-id=\"9f29b17\" data-element_type=\"widget\" data-e-type=\"widget\" data-settings=\"{&quot;_animation&quot;:&quot;fadeInUp&quot;,&quot;_animation_delay&quot;:200,&quot;ekit_we_effect_on&quot;:&quot;none&quot;}\" data-widget_type=\"elementskit-image-box.default\">\n\t\t\t\t\t<div class=\"ekit-wid-con\" >\n            <div class=\"elementskit-info-image-box ekit-image-box text-center simple-card\" >\n\n                \n                <div class=\"elementskit-box-header image-box-img-center\">\n\n                    <img decoding=\"async\" width=\"5472\" height=\"3648\" src=\"http:\/\/betatest.fokal.org\/wp-content\/uploads\/2025\/06\/10octobre.jpg\" class=\"attachment-full size-full wp-image-14830\" alt=\"\" \/>\n                <\/div>\n                \n                <div class=\"elementskit-box-body ekit-image-box-body\">\n                    <div class=\"elementskit-box-content ekit-image-box-body-inner\">\n                                                <h3 class=\"elementskit-info-box-title\">\n\n                         Autres subventions\n                        \n                    <\/h3>\n                                                        <\/div>\n\n                            <\/div>\n            <\/div>\n    <\/div>\t\t\t\t<\/div>\n\t\t\t\t<\/div>\n\t\t\t\t\t<\/div>\n\t\t\t\t<\/div>\n\t\t<div class=\"elementor-element elementor-element-cc1acf9 e-flex e-con-boxed e-con e-parent\" data-id=\"cc1acf9\" data-element_type=\"container\" data-e-type=\"container\" data-settings=\"{&quot;background_background&quot;:&quot;classic&quot;}\">\n\t\t\t\t\t<div class=\"e-con-inner\">\n\t\t<div class=\"elementor-element elementor-element-9af2686 e-con-full animated-slow e-flex elementor-invisible e-con e-child\" data-id=\"9af2686\" data-element_type=\"container\" data-e-type=\"container\" data-settings=\"{&quot;animation&quot;:&quot;fadeInLeft&quot;}\">\n\t\t\t\t<div class=\"elementor-element elementor-element-d77be65 at-heading-animation at-animation-heading-none elementor-widget elementor-widget-heading\" data-id=\"d77be65\" data-element_type=\"widget\" data-e-type=\"widget\" data-settings=\"{&quot;ekit_we_effect_on&quot;:&quot;none&quot;}\" data-widget_type=\"heading.default\">\n\t\t\t\t\t<h2 class=\"elementor-heading-title elementor-size-default\">Subventions<\/h2>\t\t\t\t<\/div>\n\t\t\t\t<div class=\"elementor-element elementor-element-cce5f77 elementor-widget elementor-widget-text-editor\" data-id=\"cce5f77\" data-element_type=\"widget\" data-e-type=\"widget\" data-settings=\"{&quot;ekit_we_effect_on&quot;:&quot;none&quot;}\" data-widget_type=\"text-editor.default\">\n\t\t\t\t\t\t\t\t\t<p>Les nouvelles demandes se feront en ligne \u00e0 partir du site internet\u00a0<a href=\"http:\/\/www.fokal.org\/\">www.fokal.org<\/a>, par un formulaire d\u00e9di\u00e9. FOKAL ne re\u00e7oit plus de nouvelles demandes papier ou par email, depuis f\u00e9vrier 2016.<\/p><p>Les subventions attribu\u00e9es dans le cadre du projet de Martissant ne sont pas concern\u00e9es. Pour obtenir des informations sur les subventions li\u00e9es au projet de FOKAL \u00e0 Martissant, merci de vous renseigner au bureau du parc de Martissant:<\/p><ul><li>Tel :<em><strong> 28 13 1695<\/strong><\/em><\/li><li>Email: <em><strong><a href=\"mailto:parcdemartissant@fokal.org\">parcdemartissant@fokal.org<\/a><\/strong><\/em><\/li><\/ul><p><a href=\"http:\/\/betatest.fokal.org\/index.php\/subvention\/\">Lire plus&#8230;<\/a><\/p><h3>\u00a0<\/h3>\t\t\t\t\t\t\t\t<\/div>\n\t\t\t\t<\/div>\n\t\t<div class=\"elementor-element elementor-element-c06c569 e-con-full animated-slow e-flex elementor-invisible e-con e-child\" data-id=\"c06c569\" data-element_type=\"container\" data-e-type=\"container\" data-settings=\"{&quot;animation&quot;:&quot;fadeInRight&quot;}\">\n\t\t\t\t<div class=\"elementor-element elementor-element-2f91b37 at-heading-animation at-animation-heading-none elementor-widget elementor-widget-heading\" data-id=\"2f91b37\" data-element_type=\"widget\" data-e-type=\"widget\" data-settings=\"{&quot;ekit_we_effect_on&quot;:&quot;none&quot;}\" data-widget_type=\"heading.default\">\n\t\t\t\t\t<h2 class=\"elementor-heading-title elementor-size-default\">Tutoriels\u200b<\/h2>\t\t\t\t<\/div>\n\t\t\t\t<div class=\"elementor-element elementor-element-eef53fd elementor-widget elementor-widget-text-editor\" data-id=\"eef53fd\" data-element_type=\"widget\" data-e-type=\"widget\" data-settings=\"{&quot;ekit_we_effect_on&quot;:&quot;none&quot;}\" data-widget_type=\"text-editor.default\">\n\t\t\t\t\t\t\t\t\t<ul><li><a href=\"http:\/\/ec2-54-86-215-170.compute-1.amazonaws.com\/wp-content\/uploads\/2025\/06\/2022fr_Tutoriel_Kiskey_Art_appel_a_proposition_Financement_tiers.pdf\">Tutoriel Art et Culture projet Kiskey&#8217;Art<\/a><\/li><li><a href=\"http:\/\/ec2-54-86-215-170.compute-1.amazonaws.com\/wp-content\/uploads\/2025\/06\/2022fr_Tutoriel_Art_culture_appel.pdf\">Tutoriel Art et Culture appel<\/a><\/li><li class=\"item-287\"><a href=\"http:\/\/ec2-54-86-215-170.compute-1.amazonaws.com\/wp-content\/uploads\/2025\/06\/2022_fr_Tutoriel_appui_aux_tudes_v2.pdf\">Tutoriel support aux e\u0301tudes<\/a><\/li><li class=\"item-288\"><a href=\"http:\/\/ec2-54-86-215-170.compute-1.amazonaws.com\/wp-content\/uploads\/2025\/06\/2022fr_Tutoriel_Autres_subventions_v2.pdf\" data-wplink-edit=\"true\">Tutoriel autres subventions<\/a><\/li><\/ul>\t\t\t\t\t\t\t\t<\/div>\n\t\t\t\t<\/div>\n\t\t\t\t\t<\/div>\n\t\t\t\t<\/div>\n\t\t<div class=\"elementor-element elementor-element-cf79bed e-flex e-con-boxed e-con e-parent\" data-id=\"cf79bed\" data-element_type=\"container\" data-e-type=\"container\">\n\t\t\t\t\t<div class=\"e-con-inner\">\n\t\t\t\t<div class=\"elementor-element elementor-element-0acc07f elementor-widget elementor-widget-html\" data-id=\"0acc07f\" data-element_type=\"widget\" data-e-type=\"widget\" data-settings=\"{&quot;ekit_we_effect_on&quot;:&quot;none&quot;}\" data-widget_type=\"html.default\">\n\t\t\t\t\t<script>\r\n  document.addEventListener('DOMContentLoaded', function () {\r\n    const header = document.querySelector('.header-version-1');\r\n    const trigger = document.querySelector('.elementor-element-e19700d');\r\n\r\n    if (!header || !trigger) return;\r\n\r\n    const triggerOffset = trigger.offsetTop;\r\n\r\n    window.addEventListener('scroll', function () {\r\n      if (window.scrollY >= triggerOffset) {\r\n        header.classList.add('is-sticky');\r\n      } else {\r\n        header.classList.remove('is-sticky');\r\n      }\r\n    });\r\n  });\r\n<\/script>\r\n\t\t\t\t<\/div>\n\t\t\t\t\t<\/div>\n\t\t\t\t<\/div>\n\t\t\t\t<\/div>\n\t\t","protected":false},"excerpt":{"rendered":"<p>Cat\u00e9gories de Subventions Art et Culture Appui aux \u00e9tudes [&hellip;]<\/p>\n","protected":false},"author":1,"featured_media":0,"parent":0,"menu_order":0,"comment_status":"closed","ping_status":"closed","template":"elementor_header_footer","meta":{"give_campaign_id":0,"footnotes":""},"class_list":["post-18814","page","type-page","status-publish","hentry"],"campaignId":"","_links":{"self":[{"href":"http:\/\/betatest.fokal.org\/index.php\/wp-json\/wp\/v2\/pages\/18814","targetHints":{"allow":["GET"]}}],"collection":[{"href":"http:\/\/betatest.fokal.org\/index.php\/wp-json\/wp\/v2\/pages"}],"about":[{"href":"http:\/\/betatest.fokal.org\/index.php\/wp-json\/wp\/v2\/types\/page"}],"author":[{"embeddable":true,"href":"http:\/\/betatest.fokal.org\/index.php\/wp-json\/wp\/v2\/users\/1"}],"replies":[{"embeddable":true,"href":"http:\/\/betatest.fokal.org\/index.php\/wp-json\/wp\/v2\/comments?post=18814"}],"version-history":[{"count":34,"href":"http:\/\/betatest.fokal.org\/index.php\/wp-json\/wp\/v2\/pages\/18814\/revisions"}],"predecessor-version":[{"id":20084,"href":"http:\/\/betatest.fokal.org\/index.php\/wp-json\/wp\/v2\/pages\/18814\/revisions\/20084"}],"wp:attachment":[{"href":"http:\/\/betatest.fokal.org\/index.php\/wp-json\/wp\/v2\/media?parent=18814"}],"curies":[{"name":"wp","href":"https:\/\/api.w.org\/{rel}","templated":true}]}}