{"id":16334,"date":"2025-06-27T18:56:40","date_gmt":"2025-06-27T18:56:40","guid":{"rendered":"http:\/\/ec2-54-86-215-170.compute-1.amazonaws.com\/?page_id=16334"},"modified":"2025-10-22T15:56:41","modified_gmt":"2025-10-22T15:56:41","slug":"prezantasyon","status":"publish","type":"page","link":"http:\/\/betatest.fokal.org\/index.php\/kr\/prezantasyon\/","title":{"rendered":"Prezantasyon"},"content":{"rendered":"\t\t<div data-elementor-type=\"wp-page\" data-elementor-id=\"16334\" class=\"elementor elementor-16334\">\n\t\t\t\t<div class=\"elementor-element elementor-element-7448c2e e-flex e-con-boxed e-con e-parent\" data-id=\"7448c2e\" data-element_type=\"container\" data-e-type=\"container\">\n\t\t\t\t\t<div class=\"e-con-inner\">\n\t\t\t\t<div class=\"elementor-element elementor-element-1e16c2d at-heading-animation at-animation-heading-none elementor-widget elementor-widget-heading\" data-id=\"1e16c2d\" data-element_type=\"widget\" data-e-type=\"widget\" data-settings=\"{&quot;ekit_we_effect_on&quot;:&quot;none&quot;}\" data-widget_type=\"heading.default\">\n\t\t\t\t\t<h2 class=\"elementor-heading-title elementor-size-default\">FOKAL<\/h2>\t\t\t\t<\/div>\n\t\t\t\t\t<\/div>\n\t\t\t\t<\/div>\n\t\t<div class=\"elementor-element elementor-element-9360a17 e-flex e-con-boxed e-con e-parent\" data-id=\"9360a17\" data-element_type=\"container\" data-e-type=\"container\">\n\t\t\t\t\t<div class=\"e-con-inner\">\n\t\t\t\t<div class=\"elementor-element elementor-element-70fee63 elementor-widget elementor-widget-text-editor\" data-id=\"70fee63\" data-element_type=\"widget\" data-e-type=\"widget\" data-settings=\"{&quot;ekit_we_effect_on&quot;:&quot;none&quot;}\" data-widget_type=\"text-editor.default\">\n\t\t\t\t\t\t\t\t\t<p data-pm-slice=\"0 0 []\">Fondasyon Konesans ak Lib\u00e8te (FOKAL), ki kreye an 1995 e ki gen rekonesans itilite piblik depi 2000, se yon fondasyon nasyonal ayisyen k ap travay atrav\u00e8 tout peyi a nan dom\u00e8n edikasyon, devlopman, atizay ak kilti, ansanm ak sip\u00f2 pou \u00f2ganizasyon sosyete sivil yo.<\/p><p>FOKAL resevwa finansman nan men enstitisyon ent\u00e8nasyonal tankou Fondasyon Kellogg, Fondasyon Ford, Inyon Ewopeyen, ak Ajans Frans\u00e8 pou Devlopman (AFD).<\/p><p><strong>Kijan FOKAL kreye<\/strong><\/p><p>Fondasyon an pran nesans nan mwa avril 1995, apr\u00e8 Karen J. Greenberg, Vis-prezidant pwogram yo nan <em>Open Society Institute <\/em>nan ep\u00f2k la (ansyen non OSF l\u00e8 filantw\u00f2p Georges Soros te kreye l nan ane 80 yo), te bay Mich\u00e8le Duvivier Pierre-Louis manda pou sa. Pou konnya, yo konn rezo sa, ki gen ladan l fondasyon, pwoj\u00e8 ak enstitisyon patn\u00e8, e ki tabli nan plis pase yon sant\u00e8n peyi, sou non <em>Open Society Foundations (OSF)<\/em>.<\/p><p>Aryeh Neier, ki se te prezidan <em>Open Society Institute (OSI)<\/em> nan moman an, se premye moun ki te kontakte Mich\u00e8le D. Pierre-Louis, nan mwa janvye 1995, P\u00f2toprens. Apr\u00e8 sa, Mich\u00e8le D. Pierre-Louis pral jwenn envitasyon pou l al rankontre Georges Soros, ki se te alafwa fondat\u00e8 epi prezidan OSI, Nouy\u00f2k nan mwa fevriye menm ane a. Rankont sa pral debouche sou desizyon pou yo konfye l kreyasyon yon fondasyon an Ayiti. Touswit apr\u00e8 Mich\u00e8le D. Pierre-Louis pral jwenn yon manda ofisy\u00e8l ki soti kay yon not\u00e8 ki ba l dwa siyen zak konstitif la, estati yo ak tout zak ki neses\u00e8 pou mete kanpe Fondasyon Konesans ak Lib\u00e8te\u00a0; rasanble tout sa k gen val\u00e8 oubyen tout montan lajan neses\u00e8 pou Fondasyon sa.<\/p><p>An jiy\u00e8 1995, fondatris FOKAL la, Mich\u00e8le D. Pierre-Louis, rele s\u00e8t benev\u00f2l pou l f\u00f2me premye kons\u00e8y administrasyon an. Se atik 4 estati FOKAL yo ki bay fondatris la pouvwa pou l nonmen manm premye kons\u00e8y administrasyon an. Manm sa yo gen estati benev\u00f2l e yo pa dwe touche pou sa.<\/p><p>Nan dat 14 jen 1996, apr\u00e8 l te fin anrejistre yo, not\u00e8 Garry Brisson Cassagnol transm\u00e8t ofisy\u00e8lman estati Fondasyon Konesans ak Lib\u00e8te yo bay majistra P\u00f2toprens lan, pou l voye yo nan Minist\u00e8 entery\u00e8 ak kolektivite teritoryal, pou l pibliye yo. Depo estati yo te f\u00e8t an prezans temwen sa yo\u00a0: Lorraine C. Mangon\u00e8s ak Evens Toussaint, ki se te direktris ki vini apr\u00e8 a ak direkt\u00e8 finansye.<\/p><p>Nan dat 21 avril 1997, majistra P\u00f2toprens lan, Joseph Emmanuel Charlemagne, voye s\u00e8tifika enskripsyon Fondasyon an nan rejis espesyal komin P\u00f2toprens lan bay Minis entery\u00e8 nan ep\u00f2k la, Jean Joseph Moli\u00e8re. <a href=\"http:\/\/www.fokal.org\/images\/documents\/Moniteur_Autorisation_de_fonctionner_FOKAL.PDF\" target=\"_blank\" rel=\"noopener\">S\u00e8tifika sa pibliye nan jounal ofisy\u00e8l Monit\u00e8 (nimewo 8, 154riy\u00e8m ane l), nan dat 28 janvye 1999<\/a>. Ane apr\u00e8 a, FOKAL jwenn nan men Gouv\u00e8nman an deklarasyon itilite piblik la ki ba l p\u00e8sonalite jiridik, ki par\u00e8t nan <a href=\"http:\/\/www.fokal.org\/images\/documents\/Moniteur_Utilite_publique_FOKAL.PDF\" target=\"_blank\" rel=\"noopener\">Monit\u00e8 nan dat 4 me 2000 (nan nimewo 35, 155y\u00e8m ane l)<\/a>.<\/p><p>Atik 3 estati l yo define vizyon enstitisyon an: f\u00e8 pwomosyon pou estrikti neses\u00e8 yo k ap p\u00e8m\u00e8t nou tabli yon sosyete demokratik, jis epi solid\u00e8, k ap sousye l de devl\u00f2pman edikasyon an ak kominikasyon lasyans ak kilti.<\/p><p><strong>Kons\u00e8y administrasyon FOKAL<\/strong><\/p><p>Kons\u00e8y administrasyon FOKAL la bay gran oryantasyon fondasyon an. Li reyini pou pi piti kat fwa nan yon ane pou l swiv kijan aksyon ki te apwouve yo ap dewoule. An janye 2015, Maxime D. Charles, ki se alafwa jiris epi ekonomis vin prezidan akty\u00e8l kons\u00e8y administrasyon an, li ranplase nan p\u00f2s sa madan Dani\u00e8le Magloire, ki li menm se sosyol\u00f2g epi militan dwa moun.<\/p><p>Prezidan an gen dwa bay Kons\u00e8y la l\u00f2d pou l reyini oubyen pou l modifye estati yo, ko-siyen ak diektris la deklarasyon ofisy\u00e8l yo, reprezante kons\u00e8y fondasyon an l\u00e8 gen rankont rezo <em>Open Society Foundations<\/em> yo chak ane\u00a0; li gen dwa siyati sou kont Fondasyon an genyen labank menm jan ak direktris egzekitiv la, direktris finansy\u00e8 a ak direktris ki vini apr\u00e8 a. Vis-prezidan an ranplase prezidan an l\u00e8 l pa la. Sekret\u00e8 jeneral la valide epi siyen pwos\u00e8 v\u00e8bal kons\u00e8y administrasyon yo. Konseye yo apwouve menm jan ak l\u00f2t manm nou sot site la yo, gran oryantasyon direktris egzekitiv la prezante yo. Yo pa gen dwa siyati sou kont Fondasyon an genyen labank ak deklarasyon ofisy\u00e8l li yo, sof si, men sa pa rive fasil, yo ta jwenn manda majorite manm kons\u00e8y administrasyon an ak direktris egzekitiv la pou sa.\u00a0<\/p><p><strong>Manm premye kons\u00e8y administrasyon an an 1995:<\/strong><\/p><p>Prezidan\u00a0: Fr\u00e8 Franklin Armand, ki se fondat\u00e8 de l\u00f2d relijye endij\u00e8n nan Plato santral\u00a0: les<em> Petits Fr\u00e8res de l\u2019Incarnation<\/em> (1976) et les<em> Petites S\u0153urs de l\u2019Incarnation<\/em> (1985)<\/p><p>Vis-prezidant\u00a0: Inette Durandis, agwon\u00f2m, k ap dirije depi 1992 pwoj\u00e8 devl\u00f2pman legliz metodis an Ayiti ap mennen yo <em>(Eglise M\u00e9thodiste d\u2019Ha\u00efti \u2013 EMH)<\/em>.<\/p><p>Sekret\u00e8\u00a0: Mich\u00e8le Montas, jounalis, direktris sal nouv\u00e8l <em>Radio Ha\u00efti Inter<\/em>.<\/p><p>Konseye\u00a0: Daniel Henrys, medsen espesyalize nan sante kominot\u00e8 ak nan sante piblik, manm fondat\u00e8 <em>Service <\/em><em>\u0276<\/em><em>cum\u00e9nique d\u2019Entraide (SOE)<\/em>.<\/p><p>Konseye\u00a0: Mo\u00efse Jean-Charles, k\u00f2donat\u00e8 Mouvman Peyizan Milo, ki te ap\u00e8n vin majistra Milo.<\/p><p>Konseye\u00a0: Luc Pierre, pwofes\u00e8 nan Lek\u00f2l n\u00f2mal sipery\u00e8 epi nan Fakilte lengwistik aplike. Ot\u00e8 liv\u00a0: <em>Education et enjeux socio-\u00e9conomiques<\/em>.<\/p><p>Konseye\u00a0: P\u00e8 Hugo Trieste, manm kongregasyon <em>Scheutt<\/em> yo, manm Komisyon Jistis ak Lap\u00e8 depi 1989 ak Platf\u00f2m \u00f2ganizasyon ayisyen k ap defann dwa moun yo depi 1991.<\/p><p><strong>Prezidan kons\u00e8y administrasyon FOKAL yo soti 1995 pou rive jis konnya<\/strong><\/p><ul><li>Fr\u00e8 Francklin Armand\u00a0: jiy\u00e8 1995 pour rive novanm 1998<\/li><li>Inette Durandis, agwon\u00f2m\u00a0: novanm 1998 pou rive jen 2006<\/li><li>Docteur Daniel Henrys\u00a0: jen 2006\u00a0 pou rive septanm 2008<\/li><li>Dani\u00e8le Magloire, sosyol\u00f2g\u00a0: septanm 2008 pou rive janvye 2015<\/li><li>Maxime D. Charles, jiris, ekonomis\u00a0: janvye 2015 pou rive jis konnya<\/li><\/ul><p><strong>Diferan manm Kons\u00e8y administrasyon an ak manda yo soti 1995 pou rive jis konnya<\/strong><\/p><p>Luc Pierre (Jiy\u00e8 1995 \u2013 Septanm 1997), Konseye<\/p><p>Mo\u00efse Jean-Charles (Jiy\u00e8 1995 \u2013 Jiy\u00e8 1998), Konseye<\/p><p>P\u00e8 Hugo Trieste (Jiy\u00e8 1995 \u2013 Okt\u00f2b 1998), Konseye<\/p><p>Dokt\u00e8 Daniel Henrys (Jiy\u00e8 1995 \u2013 Fevriye 2009), Konseye (1995-1998) Vis-prezidan (1998-2006), Prezidan (2006-2009)<\/p><p>Mich\u00e8le Montas (Jiy\u00e8 1995 \u2013 Desanm 2001) Sekret\u00e8\u00a0<\/p><p>Inette Durandis (Jiy\u00e8 1995 \u2013 Jen 2006) Vis-prezidant (1995-1998), Prezidant (1998-2006)<\/p><p>Fr\u00e8 Francklin Armand (Jiy\u00e8 1995 \u2013 Desanm 2001) Prezidan (1995-1998), Konseye (1998-2001)<\/p><p>Abner Septembre (Novanm 1998 \u2013 Avril 2005) Sekret\u00e8<\/p><p>Smarck Michel (Novanm 1998 \u2013 Fevriye 2002), Konseye<\/p><p>Vertus Saint-Louis (Novanm 1998 \u2013 jiskaprezan), Konseye<\/p><p>Dani\u00e8le Magloire (Desanm 1998 \u2013 jiskaprezan), Sekret\u00e8 (1998-2008), Prezidant (2008-2015), Vis-prezidant (2015-\u2026)<\/p><p>Dokt\u00e8 Nicole Magloire (Jen 2002 \u2013 Mas 2015), Vis-prezidant<\/p><p>Patrick Vilaire (Novanm 2002 \u2013 Fevriye 2009), Konseye<\/p><p>Norma Powell (Okt\u00f2b 2009 \u2013 jiskaprezan), Konsey\u00e8 (2009-2015), Sekret\u00e8 (2015-\u2026)<\/p><p>Maxime D. Charles (Avril 2010 \u2013 jiskaprezan, Konseye (2010-2015), Prezidan (2015-\u2026)<\/p><p>Me. Jean-Joseph Exum\u00e9 (Juin 2015 \u2013 jiskaprezan), Konseye<\/p><p><strong>Biwo egzekitif FOKAL akty\u00e8lman :<\/strong><\/p><p>Mich\u00e8le Duvivier Pierre-Louis, Prezidant Fondasyon an (Direktris Egzekitiv soti 1995 pou rive 2008)<\/p><p>Lorraine Mangon\u00e8s, Direktris Egzekitiv<\/p><p>Marie Edmonde Jeune, Direktris Finansy\u00e8<\/p><p>Elizabeth Pierre-Louis Augustin, Direktris Pwogram yo<\/p><p>Premye vizit Georges Soros pou rankontre Fondasyon an\u00a0: novanm 1998<\/p><p>Dezy\u00e8m e d\u00e8nye vizit li\u00a0: novanm 2008<\/p>\t\t\t\t\t\t\t\t<\/div>\n\t\t\t\t\t<\/div>\n\t\t\t\t<\/div>\n\t\t\t\t<\/div>\n\t\t","protected":false},"excerpt":{"rendered":"<p>FOKAL Fondasyon Konesans ak Lib\u00e8te (FOKAL), ki kreye an [&hellip;]<\/p>\n","protected":false},"author":1,"featured_media":0,"parent":0,"menu_order":0,"comment_status":"closed","ping_status":"closed","template":"elementor_theme","meta":{"give_campaign_id":0,"footnotes":""},"class_list":["post-16334","page","type-page","status-publish","hentry"],"campaignId":"","_links":{"self":[{"href":"http:\/\/betatest.fokal.org\/index.php\/wp-json\/wp\/v2\/pages\/16334","targetHints":{"allow":["GET"]}}],"collection":[{"href":"http:\/\/betatest.fokal.org\/index.php\/wp-json\/wp\/v2\/pages"}],"about":[{"href":"http:\/\/betatest.fokal.org\/index.php\/wp-json\/wp\/v2\/types\/page"}],"author":[{"embeddable":true,"href":"http:\/\/betatest.fokal.org\/index.php\/wp-json\/wp\/v2\/users\/1"}],"replies":[{"embeddable":true,"href":"http:\/\/betatest.fokal.org\/index.php\/wp-json\/wp\/v2\/comments?post=16334"}],"version-history":[{"count":7,"href":"http:\/\/betatest.fokal.org\/index.php\/wp-json\/wp\/v2\/pages\/16334\/revisions"}],"predecessor-version":[{"id":19811,"href":"http:\/\/betatest.fokal.org\/index.php\/wp-json\/wp\/v2\/pages\/16334\/revisions\/19811"}],"wp:attachment":[{"href":"http:\/\/betatest.fokal.org\/index.php\/wp-json\/wp\/v2\/media?parent=16334"}],"curies":[{"name":"wp","href":"https:\/\/api.w.org\/{rel}","templated":true}]}}