{"id":16215,"date":"2025-06-24T18:11:11","date_gmt":"2025-06-24T18:11:11","guid":{"rendered":"http:\/\/ec2-54-86-215-170.compute-1.amazonaws.com\/?page_id=16215"},"modified":"2025-10-14T15:46:08","modified_gmt":"2025-10-14T15:46:08","slug":"home-en","status":"publish","type":"page","link":"http:\/\/betatest.fokal.org\/index.php\/en\/home-en\/","title":{"rendered":"Home-en"},"content":{"rendered":"\t\t<div data-elementor-type=\"wp-page\" data-elementor-id=\"16215\" class=\"elementor elementor-16215\">\n\t\t\t\t<div data-ekitparallax=\"{&quot;ekit_section_parallax_bg&quot;:&quot;yes&quot;,&quot;ekit_section_parallax_bg_speed&quot;:0.5,&quot;elementor_lazy_load&quot;:&quot;1&quot;}\" class=\"elementor-element elementor-element-9022493 page-hero-section e-flex e-con-boxed e-con e-parent\" data-id=\"9022493\" data-element_type=\"container\" data-e-type=\"container\" id=\"chapo-ba-ref\" data-settings=\"{&quot;background_background&quot;:&quot;slideshow&quot;,&quot;background_slideshow_gallery&quot;:[{&quot;id&quot;:14664,&quot;url&quot;:&quot;http:\\\/\\\/ec2-54-86-215-170.compute-1.amazonaws.com\\\/wp-content\\\/uploads\\\/2025\\\/06\\\/01janvier-3-1.jpg&quot;},{&quot;id&quot;:15040,&quot;url&quot;:&quot;http:\\\/\\\/ec2-54-86-215-170.compute-1.amazonaws.com\\\/wp-content\\\/uploads\\\/2025\\\/06\\\/05mai22.jpg&quot;},{&quot;id&quot;:15038,&quot;url&quot;:&quot;http:\\\/\\\/ec2-54-86-215-170.compute-1.amazonaws.com\\\/wp-content\\\/uploads\\\/2025\\\/06\\\/FOKAL-06022018-Maison-Dufort-Visite-OSF-avec-P.Gaspard-Cocktail-et-Danse_BA_8536-HD-sans-TAG-110_.jpg&quot;},{&quot;id&quot;:15041,&quot;url&quot;:&quot;http:\\\/\\\/ec2-54-86-215-170.compute-1.amazonaws.com\\\/wp-content\\\/uploads\\\/2025\\\/06\\\/FOKAL-06022018-atelier-danse-VB_BA_7480-HD-sans-TAG-2_.jpg&quot;}],&quot;background_slideshow_slide_duration&quot;:3000,&quot;background_slideshow_slide_transition&quot;:&quot;slide_left&quot;,&quot;background_slideshow_transition_duration&quot;:2500,&quot;background_slideshow_loop&quot;:&quot;yes&quot;}\">\n\t\t\t\t\t<div class=\"e-con-inner\">\n\t\t<div class=\"elementor-element elementor-element-cbc65e2 e-con-full e-flex e-con e-child\" data-id=\"cbc65e2\" data-element_type=\"container\" data-e-type=\"container\">\n\t\t\t\t<\/div>\n\t\t\t\t\t<\/div>\n\t\t\t\t<\/div>\n\t\t<div class=\"elementor-element elementor-element-b73db7a e-flex e-con-boxed e-con e-parent\" data-id=\"b73db7a\" data-element_type=\"container\" data-e-type=\"container\">\n\t\t\t\t\t<div class=\"e-con-inner\">\n\t\t<div class=\"elementor-element elementor-element-f64824c e-con-full e-flex e-con e-child\" data-id=\"f64824c\" data-element_type=\"container\" data-e-type=\"container\">\n\t\t\t\t<div class=\"elementor-element elementor-element-79153c7 at-shiny-glass-effect about-img-1 at-image-animation at-animation-image-style-1 elementor-widget elementor-widget-image\" data-id=\"79153c7\" data-element_type=\"widget\" data-e-type=\"widget\" data-settings=\"{&quot;ekit_we_effect_on&quot;:&quot;none&quot;}\" data-widget_type=\"image.default\">\n\t\t\t\t\t\t\t\t\t\t\t\t\t\t\t<img fetchpriority=\"high\" decoding=\"async\" width=\"5184\" height=\"3456\" src=\"http:\/\/betatest.fokal.org\/wp-content\/uploads\/2025\/06\/04avril2.jpg\" class=\"attachment-full size-full wp-image-14680\" alt=\"\" \/>\t\t\t\t\t\t\t\t\t\t\t\t\t\t\t<\/div>\n\t\t\t\t<div class=\"elementor-element elementor-element-3da9696 at-shiny-glass-effect elementor-absolute about-img-2 elementor-widget__width-initial elementor-widget elementor-widget-image\" data-id=\"3da9696\" data-element_type=\"widget\" data-e-type=\"widget\" data-settings=\"{&quot;_position&quot;:&quot;absolute&quot;,&quot;ekit_we_effect_on&quot;:&quot;none&quot;}\" data-widget_type=\"image.default\">\n\t\t\t\t\t\t\t\t\t\t\t\t\t\t\t<img decoding=\"async\" width=\"5760\" height=\"3840\" src=\"http:\/\/betatest.fokal.org\/wp-content\/uploads\/2025\/06\/VUSH2569.jpg\" class=\"attachment-full size-full wp-image-14682\" alt=\"\" \/>\t\t\t\t\t\t\t\t\t\t\t\t\t\t\t<\/div>\n\t\t\t\t<\/div>\n\t\t<div class=\"elementor-element elementor-element-2146343 e-con-full e-flex e-con e-child\" data-id=\"2146343\" data-element_type=\"container\" data-e-type=\"container\">\n\t\t\t\t<div class=\"elementor-element elementor-element-22e6c00 section-title at-heading-animation at-animation-heading-none elementor-invisible elementor-widget elementor-widget-heading\" data-id=\"22e6c00\" data-element_type=\"widget\" data-e-type=\"widget\" data-settings=\"{&quot;_animation&quot;:&quot;fadeInUp&quot;,&quot;ekit_we_effect_on&quot;:&quot;none&quot;}\" data-widget_type=\"heading.default\">\n\t\t\t\t\t<h3 class=\"elementor-heading-title elementor-size-default\">Donate<\/h3>\t\t\t\t<\/div>\n\t\t\t\t<div class=\"elementor-element elementor-element-74bc63c elementor-invisible elementor-widget elementor-widget-text-editor\" data-id=\"74bc63c\" data-element_type=\"widget\" data-e-type=\"widget\" data-settings=\"{&quot;_animation&quot;:&quot;fadeInUp&quot;,&quot;_animation_delay&quot;:100,&quot;ekit_we_effect_on&quot;:&quot;none&quot;}\" data-widget_type=\"text-editor.default\">\n\t\t\t\t\t\t\t\t\t<p>Our mission is to support visionary leaders, exceptional projects, and forward-thinking communities in order to foster enduring transformation and construct a prosperous future for Haiti.<\/p>\t\t\t\t\t\t\t\t<\/div>\n\t\t<div class=\"elementor-element elementor-element-4435c30 e-con-full e-flex e-con e-child\" data-id=\"4435c30\" data-element_type=\"container\" data-e-type=\"container\">\n\t\t<div class=\"elementor-element elementor-element-4a818ef e-con-full e-flex e-con e-child\" data-id=\"4a818ef\" data-element_type=\"container\" data-e-type=\"container\" data-settings=\"{&quot;background_background&quot;:&quot;classic&quot;}\">\n\t\t\t\t<div class=\"elementor-element elementor-element-ff0f74f elementor-invisible elementor-widget elementor-widget-button\" data-id=\"ff0f74f\" data-element_type=\"widget\" data-e-type=\"widget\" data-settings=\"{&quot;_animation&quot;:&quot;fadeInUp&quot;,&quot;_animation_delay&quot;:300,&quot;ekit_we_effect_on&quot;:&quot;none&quot;}\" data-widget_type=\"button.default\">\n\t\t\t\t\t\t\t\t\t\t<a class=\"elementor-button elementor-button-link elementor-size-sm\" href=\"https:\/\/ademen.org\/donate\/\">\n\t\t\t\t\t\t<span class=\"elementor-button-content-wrapper\">\n\t\t\t\t\t\t<span class=\"elementor-button-icon\">\n\t\t\t\t<svg xmlns=\"http:\/\/www.w3.org\/2000\/svg\" width=\"20\" height=\"20\" viewBox=\"0 0 20 20\" fill=\"none\"><path d=\"M18.9225 9.40857L13.0892 3.57524C12.932 3.42344 12.7215 3.33944 12.503 3.34134C12.2845 3.34324 12.0755 3.43088 11.921 3.58539C11.7665 3.73989 11.6789 3.9489 11.677 4.1674C11.6751 4.3859 11.7591 4.5964 11.9109 4.75357L16.3217 9.1644H1.66671C1.44569 9.1644 1.23373 9.2522 1.07745 9.40848C0.921171 9.56476 0.833374 9.77672 0.833374 9.99774C0.833374 10.2187 0.921171 10.4307 1.07745 10.587C1.23373 10.7433 1.44569 10.8311 1.66671 10.8311H16.3217L11.9109 15.2419C11.8313 15.3188 11.7678 15.4107 11.7241 15.5124C11.6804 15.6141 11.6575 15.7234 11.6565 15.8341C11.6555 15.9447 11.6766 16.0545 11.7185 16.1569C11.7604 16.2593 11.8223 16.3523 11.9005 16.4306C11.9788 16.5088 12.0718 16.5707 12.1742 16.6126C12.2767 16.6545 12.3864 16.6756 12.497 16.6746C12.6077 16.6736 12.717 16.6507 12.8187 16.607C12.9204 16.5633 13.0123 16.4998 13.0892 16.4202L18.9225 10.5869C19.0788 10.4306 19.1665 10.2187 19.1665 9.99774C19.1665 9.77677 19.0788 9.56484 18.9225 9.40857Z\" fill=\"currentColor\"><\/path><\/svg>\t\t\t<\/span>\n\t\t\t\t\t\t\t\t\t<span class=\"elementor-button-text\">Donate<\/span>\n\t\t\t\t\t<\/span>\n\t\t\t\t\t<\/a>\n\t\t\t\t\t\t\t\t<\/div>\n\t\t\t\t<\/div>\n\t\t\t\t<\/div>\n\t\t\t\t<\/div>\n\t\t\t\t\t<\/div>\n\t\t\t\t<\/div>\n\t\t<div class=\"elementor-element elementor-element-26843aa e-flex e-con-boxed e-con e-parent\" data-id=\"26843aa\" data-element_type=\"container\" data-e-type=\"container\" data-settings=\"{&quot;background_background&quot;:&quot;classic&quot;}\">\n\t\t\t\t\t<div class=\"e-con-inner\">\n\t\t<div class=\"elementor-element elementor-element-fa9453f e-con-full e-flex e-con e-child\" data-id=\"fa9453f\" data-element_type=\"container\" data-e-type=\"container\">\n\t\t\t\t<div class=\"elementor-element elementor-element-b0526ad testimonials-image at-image-animation at-animation-image-style-1 at-shiny-glass-effect elementor-widget elementor-widget-image\" data-id=\"b0526ad\" data-element_type=\"widget\" data-e-type=\"widget\" data-settings=\"{&quot;ekit_we_effect_on&quot;:&quot;none&quot;}\" data-widget_type=\"image.default\">\n\t\t\t\t\t\t\t\t\t\t\t\t\t\t\t<img decoding=\"async\" width=\"2000\" height=\"1488\" src=\"http:\/\/betatest.fokal.org\/wp-content\/uploads\/2025\/06\/Batiment-FOKAL.jpg\" class=\"attachment-full size-full wp-image-14915\" alt=\"\" \/>\t\t\t\t\t\t\t\t\t\t\t\t\t\t\t<\/div>\n\t\t\t\t<\/div>\n\t\t<div class=\"elementor-element elementor-element-bd3f6b5 e-con-full e-flex e-con e-child\" data-id=\"bd3f6b5\" data-element_type=\"container\" data-e-type=\"container\">\n\t\t\t\t<div class=\"elementor-element elementor-element-aa74cc8 section-title at-heading-animation at-animation-heading-none elementor-invisible elementor-widget elementor-widget-heading\" data-id=\"aa74cc8\" data-element_type=\"widget\" data-e-type=\"widget\" data-settings=\"{&quot;_animation&quot;:&quot;fadeInUp&quot;,&quot;ekit_we_effect_on&quot;:&quot;none&quot;}\" data-widget_type=\"heading.default\">\n\t\t\t\t\t<h3 class=\"elementor-heading-title elementor-size-default\">TESTIMONIALS<\/h3>\t\t\t\t<\/div>\n\t\t\t\t<div class=\"elementor-element elementor-element-9f00091 at-heading-animation at-animation-heading-style-2 elementor-widget elementor-widget-heading\" data-id=\"9f00091\" data-element_type=\"widget\" data-e-type=\"widget\" data-settings=\"{&quot;ekit_we_effect_on&quot;:&quot;none&quot;}\" data-widget_type=\"heading.default\">\n\t\t\t\t\t<h2 class=\"elementor-heading-title elementor-size-default\">What people say  about us<\/h2>\t\t\t\t<\/div>\n\t\t\t\t<div class=\"elementor-element elementor-element-e31a97a testimonials-box elementor-widget elementor-widget-elementskit-testimonial\" data-id=\"e31a97a\" data-element_type=\"widget\" data-e-type=\"widget\" data-settings=\"{&quot;ekit_we_effect_on&quot;:&quot;none&quot;}\" data-widget_type=\"elementskit-testimonial.default\">\n\t\t\t\t\t<div class=\"ekit-wid-con\" ><div  class=\"elementskit-testimonial-slider ekit_testimonial_style_6 arrow_inside slider-dotted\" data-config=\"{&quot;rtl&quot;:false,&quot;arrows&quot;:false,&quot;dots&quot;:true,&quot;pauseOnHover&quot;:true,&quot;autoplay&quot;:true,&quot;speed&quot;:1000,&quot;slidesPerGroup&quot;:1,&quot;slidesPerView&quot;:1,&quot;loop&quot;:true,&quot;spaceBetween&quot;:30,&quot;breakpoints&quot;:{&quot;320&quot;:{&quot;slidesPerView&quot;:1,&quot;slidesPerGroup&quot;:1,&quot;spaceBetween&quot;:10},&quot;768&quot;:{&quot;slidesPerView&quot;:1,&quot;slidesPerGroup&quot;:1,&quot;spaceBetween&quot;:10},&quot;1024&quot;:{&quot;slidesPerView&quot;:1,&quot;slidesPerGroup&quot;:1,&quot;spaceBetween&quot;:30}}}\">\n\t<div class=\"ekit-main-swiper swiper\">\n\t\t<div class=\"swiper-wrapper\">\n\t\t\t\t\t\t\t<div class=\"swiper-slide\">\n\t\t\t\t\t<div class=\"swiper-slide-inner\">\n\t\t\t\t\t\t<div class=\"elementskit-single-testimonial-slider elementskit-testimonial-slider-block-style elementskit-testimonial-slider-block-style-three  elementor-repeater-item-ccecc9e\" >\n\t\t\t\t\t\t\t\t\t\t\t\t\t\t\t\t\t\t\t\t\t\t<div class=\"elementskit-commentor-bio client_left\">\n\t\t\t\t\t\t\t\t\t<div class=\"elementkit-commentor-details\">\n\t\t\t\t\t\t\t\t\t\t<div class=\"elementskit-commentor-image ekit-testimonial--avatar\">\n\t\t\t\t\t\t\t\t\t\t\t<img loading=\"lazy\" decoding=\"async\" width=\"60\" height=\"60\" src=\"http:\/\/betatest.fokal.org\/wp-content\/uploads\/2025\/10\/Eloge.jpeg\" class=\"attachment-full size-full\" alt=\"\" \/>\t\t\t\t\t\t\t\t\t\t<\/div>\n\t\t\t\t\t\t\t\t\t<\/div>\n\t\t\t\t\t\t\t\t<\/div>\n\t\t\t\t\t\t\t\n\t\t\t\t\t\t\t\t\t\t\t\t\t\t\t<div class=\"elementskit-profile-info\">\n\t\t\t\t\t\t\t\t\t\t\t\t\t\t\t\t\t\t<strong class=\"elementskit-author-name\">Eloge Vilfranc<\/strong>\n\t\t\t\t\t\t\t\t\t\t\t\t\t\t\t\t\t\t\t\t\t\t\t\t\t\t\t<span class=\"elementskit-author-des\">President, Fondation Clarina Bastia (FCB)<\/span>\n\t\t\t\t\t\t\t\t\t\t\t\t\t\t\t\t\t<\/div>\n\t\t\t\t\t\t\t\n\t\t\t\t\t\t\t\t\t\t\t\t\t\t\t<div class=\"elementskit-commentor-content\">\n\t\t\t\t\t\t\t\t\t\t\t\t\t\t\t\t\t\t<p>I first learned about FOKAL in 1998, when I was a student. In 2022, I had the opportunity to work directly with the Foundation through its support for a project promoting the socio-economic rights of isolated women and girls, led by the FCB. I quickly realized that FOKAL is much more than a partner, it is a committed actor standing by the most vulnerable in a country with little real social assistance.<\/p>\n\t\t\t\t\t\t\t\t<\/div>\n\t\t\t\t\t\t\t\t\t\t\t\t\t<\/div>\n\t\t\t\t\t<\/div>\n\t\t\t\t<\/div>\n\t\t\t\t\t\t\t<div class=\"swiper-slide\">\n\t\t\t\t\t<div class=\"swiper-slide-inner\">\n\t\t\t\t\t\t<div class=\"elementskit-single-testimonial-slider elementskit-testimonial-slider-block-style elementskit-testimonial-slider-block-style-three  elementor-repeater-item-a07980d\" >\n\t\t\t\t\t\t\t\t\t\t\t\t\t\t\t\t\t\t\t\t\t\t<div class=\"elementskit-commentor-bio client_left\">\n\t\t\t\t\t\t\t\t\t<div class=\"elementkit-commentor-details\">\n\t\t\t\t\t\t\t\t\t\t<div class=\"elementskit-commentor-image ekit-testimonial--avatar\">\n\t\t\t\t\t\t\t\t\t\t\t<img loading=\"lazy\" decoding=\"async\" width=\"60\" height=\"60\" src=\"http:\/\/betatest.fokal.org\/wp-content\/uploads\/2025\/10\/Bily-Elucien.jpeg\" class=\"attachment-full size-full\" alt=\"\" \/>\t\t\t\t\t\t\t\t\t\t<\/div>\n\t\t\t\t\t\t\t\t\t<\/div>\n\t\t\t\t\t\t\t\t<\/div>\n\t\t\t\t\t\t\t\n\t\t\t\t\t\t\t\t\t\t\t\t\t\t\t<div class=\"elementskit-profile-info\">\n\t\t\t\t\t\t\t\t\t\t\t\t\t\t\t\t\t\t<strong class=\"elementskit-author-name\">Billy Elucien<\/strong>\n\t\t\t\t\t\t\t\t\t\t\t\t\t\t\t\t\t\t\t\t\t\t\t\t\t\t\t<span class=\"elementskit-author-des\">Stage Director, Cultural Operator, Foudiz\u00e8 Th\u00e9\u00e2tre Association<\/span>\n\t\t\t\t\t\t\t\t\t\t\t\t\t\t\t\t\t<\/div>\n\t\t\t\t\t\t\t\n\t\t\t\t\t\t\t\t\t\t\t\t\t\t\t<div class=\"elementskit-commentor-content\">\n\t\t\t\t\t\t\t\t\t\t\t\t\t\t\t\t\t\t<p>I have been collaborating with FOKAL since 2005 in the fields of storytelling and theater. My first experience took place within the \u2018Rip\u00f2tchanm\u2019 project, centered on the tales of F\u00e9lix Morisseau-Leroy. I later benefited from several training workshops in acting, directing, stage lighting, communication, and leadership. This collaboration allowed me to take part in intercultural exchanges and various community activities.\n\nFOKAL played a central role in creating the \u2018Theater and Education\u2019 program in 2005 and the Kont Anba Ton\u00e8l festival in 2009. My partnership with FOKAL has helped me strengthen my artistic skills and civic engagement, while greatly enriching both my professional and personal journey.<\/p>\n\t\t\t\t\t\t\t\t<\/div>\n\t\t\t\t\t\t\t\t\t\t\t\t\t<\/div>\n\t\t\t\t\t<\/div>\n\t\t\t\t<\/div>\n\t\t\t\t\t\t\t<div class=\"swiper-slide\">\n\t\t\t\t\t<div class=\"swiper-slide-inner\">\n\t\t\t\t\t\t<div class=\"elementskit-single-testimonial-slider elementskit-testimonial-slider-block-style elementskit-testimonial-slider-block-style-three  elementor-repeater-item-eb8f224\" >\n\t\t\t\t\t\t\t\t\t\t\t\t\t\t\t\t\t\t\t\t\t\t<div class=\"elementskit-commentor-bio client_left\">\n\t\t\t\t\t\t\t\t\t<div class=\"elementkit-commentor-details\">\n\t\t\t\t\t\t\t\t\t\t<div class=\"elementskit-commentor-image ekit-testimonial--avatar\">\n\t\t\t\t\t\t\t\t\t\t\t<img loading=\"lazy\" decoding=\"async\" width=\"60\" height=\"60\" src=\"http:\/\/betatest.fokal.org\/wp-content\/uploads\/2025\/10\/Apply.png\" class=\"attachment-full size-full\" alt=\"\" \/>\t\t\t\t\t\t\t\t\t\t<\/div>\n\t\t\t\t\t\t\t\t\t<\/div>\n\t\t\t\t\t\t\t\t<\/div>\n\t\t\t\t\t\t\t\n\t\t\t\t\t\t\t\t\t\t\t\t\t\t\t<div class=\"elementskit-profile-info\">\n\t\t\t\t\t\t\t\t\t\t\t\t\t\t\t\t\t\t<strong class=\"elementskit-author-name\">Ammcise Apply<\/strong>\n\t\t\t\t\t\t\t\t\t\t\t\t\t\t\t\t\t\t\t\t\t\t\t\t\t\t\t<span class=\"elementskit-author-des\">PhD Student, Community Research and Action.  Graduate Assistant, College of Community and Public Affairs (CCPA) Binghamton University, NY.  Co-founder, Kr\u00e8m Consultant Firm, Port-au-Prince, Haiti<\/span>\n\t\t\t\t\t\t\t\t\t\t\t\t\t\t\t\t\t<\/div>\n\t\t\t\t\t\t\t\n\t\t\t\t\t\t\t\t\t\t\t\t\t\t\t<div class=\"elementskit-commentor-content\">\n\t\t\t\t\t\t\t\t\t\t\t\t\t\t\t\t\t\t<p>In 2023 and 2024, FOKAL supported my participation in the annual conferences of the American Psychological Association (APA).  Two defining moments in my journey as an emerging researcher that I could not have afforded on my student income. FOKAL\u2019s support was especially decisive in 2024, when two of my studies conducted in Haiti were accepted for scientific poster presentations. This opportunity allowed me to bring Haiti\u2019s voice into global discussions on issues related to climate change, gender, and public health.\n\nI sincerely hope that FOKAL will continue, for decades to come, to create spaces where researchers can make Haiti shine on the international stage.<\/p>\n\t\t\t\t\t\t\t\t<\/div>\n\t\t\t\t\t\t\t\t\t\t\t\t\t<\/div>\n\t\t\t\t\t<\/div>\n\t\t\t\t<\/div>\n\t\t\t\t\t<\/div>\n\n\t\t\t\t\t<div class=\"swiper-pagination\"><\/div>\n\t\t\n\t\t\t<\/div>\n<\/div>\n<\/div>\t\t\t\t<\/div>\n\t\t\t\t<\/div>\n\t\t\t\t\t<\/div>\n\t\t\t\t<\/div>\n\t\t<div class=\"elementor-element elementor-element-4c119fc e-flex e-con-boxed e-con e-parent\" data-id=\"4c119fc\" data-element_type=\"container\" data-e-type=\"container\">\n\t\t\t\t\t<div class=\"e-con-inner\">\n\t\t\t\t<div class=\"elementor-element elementor-element-4cd351d at-image-animation at-animation-image-none at-none elementor-widget elementor-widget-image\" data-id=\"4cd351d\" data-element_type=\"widget\" data-e-type=\"widget\" data-settings=\"{&quot;ekit_we_effect_on&quot;:&quot;none&quot;}\" data-widget_type=\"image.default\">\n\t\t\t\t\t\t\t\t\t\t\t\t\t\t\t\t<a href=\"https:\/\/parcdemartissant.org\/index.php\/fr-fr\/\">\n\t\t\t\t\t\t\t<img loading=\"lazy\" decoding=\"async\" width=\"150\" height=\"50\" src=\"http:\/\/betatest.fokal.org\/wp-content\/uploads\/2025\/06\/3.png\" class=\"attachment-large size-large wp-image-14689\" alt=\"\" \/>\t\t\t\t\t\t\t\t<\/a>\n\t\t\t\t\t\t\t\t\t\t\t\t\t\t\t<\/div>\n\t\t\t\t<div class=\"elementor-element elementor-element-90ee0c3 at-image-animation at-animation-image-none at-none elementor-widget elementor-widget-image\" data-id=\"90ee0c3\" data-element_type=\"widget\" data-e-type=\"widget\" data-settings=\"{&quot;ekit_we_effect_on&quot;:&quot;none&quot;}\" data-widget_type=\"image.default\">\n\t\t\t\t\t\t\t\t\t\t\t\t\t\t\t\t<a href=\"https:\/\/ademen.org\/\">\n\t\t\t\t\t\t\t<img loading=\"lazy\" decoding=\"async\" width=\"150\" height=\"50\" src=\"http:\/\/betatest.fokal.org\/wp-content\/uploads\/2025\/06\/4.png\" class=\"attachment-large size-large wp-image-14688\" alt=\"\" \/>\t\t\t\t\t\t\t\t<\/a>\n\t\t\t\t\t\t\t\t\t\t\t\t\t\t\t<\/div>\n\t\t\t\t<div class=\"elementor-element elementor-element-e834d3b at-image-animation at-animation-image-none at-none elementor-widget elementor-widget-image\" data-id=\"e834d3b\" data-element_type=\"widget\" data-e-type=\"widget\" data-settings=\"{&quot;ekit_we_effect_on&quot;:&quot;none&quot;}\" data-widget_type=\"image.default\">\n\t\t\t\t\t\t\t\t\t\t\t\t\t\t\t\t<a href=\"https:\/\/egalego.org\/\">\n\t\t\t\t\t\t\t<img loading=\"lazy\" decoding=\"async\" width=\"150\" height=\"50\" src=\"http:\/\/betatest.fokal.org\/wp-content\/uploads\/2025\/06\/1.png\" class=\"attachment-large size-large wp-image-14686\" alt=\"\" \/>\t\t\t\t\t\t\t\t<\/a>\n\t\t\t\t\t\t\t\t\t\t\t\t\t\t\t<\/div>\n\t\t\t\t<div class=\"elementor-element elementor-element-ab9b5ea at-image-animation at-animation-image-none at-none elementor-widget elementor-widget-image\" data-id=\"ab9b5ea\" data-element_type=\"widget\" data-e-type=\"widget\" data-settings=\"{&quot;ekit_we_effect_on&quot;:&quot;none&quot;}\" data-widget_type=\"image.default\">\n\t\t\t\t\t\t\t\t\t\t\t\t\t\t\t\t<a href=\"https:\/\/www.facebook.com\/lekolnoufokal\/\">\n\t\t\t\t\t\t\t<img loading=\"lazy\" decoding=\"async\" width=\"150\" height=\"50\" src=\"http:\/\/betatest.fokal.org\/wp-content\/uploads\/2025\/06\/5.png\" class=\"attachment-large size-large wp-image-14685\" alt=\"\" \/>\t\t\t\t\t\t\t\t<\/a>\n\t\t\t\t\t\t\t\t\t\t\t\t\t\t\t<\/div>\n\t\t\t\t<div class=\"elementor-element elementor-element-8abf4bc at-image-animation at-animation-image-none at-none elementor-widget elementor-widget-image\" data-id=\"8abf4bc\" data-element_type=\"widget\" data-e-type=\"widget\" data-settings=\"{&quot;ekit_we_effect_on&quot;:&quot;none&quot;}\" data-widget_type=\"image.default\">\n\t\t\t\t\t\t\t\t\t\t\t\t\t\t\t\t<a href=\"#\">\n\t\t\t\t\t\t\t<img loading=\"lazy\" decoding=\"async\" width=\"150\" height=\"99\" src=\"http:\/\/betatest.fokal.org\/wp-content\/uploads\/2025\/06\/fdaRC.png\" class=\"attachment-large size-large wp-image-15019\" alt=\"\" \/>\t\t\t\t\t\t\t\t<\/a>\n\t\t\t\t\t\t\t\t\t\t\t\t\t\t\t<\/div>\n\t\t\t\t\t<\/div>\n\t\t\t\t<\/div>\n\t\t<div class=\"elementor-element elementor-element-3eb17be e-flex e-con-boxed e-con e-parent\" data-id=\"3eb17be\" data-element_type=\"container\" data-e-type=\"container\">\n\t\t\t\t\t<div class=\"e-con-inner\">\n\t\t\t\t<div class=\"elementor-element elementor-element-3333d39 elementor-widget elementor-widget-html\" data-id=\"3333d39\" data-element_type=\"widget\" data-e-type=\"widget\" data-settings=\"{&quot;ekit_we_effect_on&quot;:&quot;none&quot;}\" data-widget_type=\"html.default\">\n\t\t\t\t\t<script>\r\n  document.addEventListener('DOMContentLoaded', function () {\r\n    const header = document.querySelector('.header-version-1');\r\n    const trigger = document.querySelector('.elementor-element-b73db7a');\r\n\r\n    if (!header || !trigger) return;\r\n\r\n    const triggerOffset = trigger.offsetTop;\r\n\r\n    window.addEventListener('scroll', function () {\r\n      if (window.scrollY >= triggerOffset) {\r\n        header.classList.add('is-sticky');\r\n      } else {\r\n        header.classList.remove('is-sticky');\r\n      }\r\n    });\r\n  });\r\n<\/script>\r\n\t\t\t\t<\/div>\n\t\t\t\t\t<\/div>\n\t\t\t\t<\/div>\n\t\t\t\t<\/div>\n\t\t","protected":false},"excerpt":{"rendered":"<p>Donate Our mission is to support visionary leaders, exceptional [&hellip;]<\/p>\n","protected":false},"author":1,"featured_media":0,"parent":0,"menu_order":0,"comment_status":"closed","ping_status":"closed","template":"elementor_header_footer","meta":{"give_campaign_id":0,"footnotes":""},"class_list":["post-16215","page","type-page","status-publish","hentry"],"campaignId":"","_links":{"self":[{"href":"http:\/\/betatest.fokal.org\/index.php\/wp-json\/wp\/v2\/pages\/16215","targetHints":{"allow":["GET"]}}],"collection":[{"href":"http:\/\/betatest.fokal.org\/index.php\/wp-json\/wp\/v2\/pages"}],"about":[{"href":"http:\/\/betatest.fokal.org\/index.php\/wp-json\/wp\/v2\/types\/page"}],"author":[{"embeddable":true,"href":"http:\/\/betatest.fokal.org\/index.php\/wp-json\/wp\/v2\/users\/1"}],"replies":[{"embeddable":true,"href":"http:\/\/betatest.fokal.org\/index.php\/wp-json\/wp\/v2\/comments?post=16215"}],"version-history":[{"count":25,"href":"http:\/\/betatest.fokal.org\/index.php\/wp-json\/wp\/v2\/pages\/16215\/revisions"}],"predecessor-version":[{"id":19555,"href":"http:\/\/betatest.fokal.org\/index.php\/wp-json\/wp\/v2\/pages\/16215\/revisions\/19555"}],"wp:attachment":[{"href":"http:\/\/betatest.fokal.org\/index.php\/wp-json\/wp\/v2\/media?parent=16215"}],"curies":[{"name":"wp","href":"https:\/\/api.w.org\/{rel}","templated":true}]}}