{"id":14910,"date":"2025-06-12T19:38:02","date_gmt":"2025-06-12T19:38:02","guid":{"rendered":"http:\/\/ec2-54-86-215-170.compute-1.amazonaws.com\/?page_id=14910"},"modified":"2025-06-16T13:46:09","modified_gmt":"2025-06-16T13:46:09","slug":"centre-culturel","status":"publish","type":"page","link":"http:\/\/betatest.fokal.org\/index.php\/centre-culturel\/","title":{"rendered":"Centre Culturel"},"content":{"rendered":"\t\t<div data-elementor-type=\"wp-page\" data-elementor-id=\"14910\" class=\"elementor elementor-14910\">\n\t\t\t\t<div class=\"elementor-element elementor-element-141fabc e-flex e-con-boxed e-con e-parent\" data-id=\"141fabc\" data-element_type=\"container\" data-e-type=\"container\">\n\t\t\t\t\t<div class=\"e-con-inner\">\n\t\t\t\t<div class=\"elementor-element elementor-element-8e70d6e elementor-widget elementor-widget-text-editor\" data-id=\"8e70d6e\" data-element_type=\"widget\" data-e-type=\"widget\" data-settings=\"{&quot;ekit_we_effect_on&quot;:&quot;none&quot;}\" data-widget_type=\"text-editor.default\">\n\t\t\t\t\t\t\t\t\t<p>Au c\u0153ur de Port-au-Prince, le centre culturel de FOKAL, inaugur\u00e9 en 2003, est un espace de rencontre, d\u2019apprentissage, de lecture, de d\u00e9bat, de loisir et de d\u00e9couverte. Le Centre culturel comprend la biblioth\u00e8que Monique Calixte, un cyber caf\u00e9, les bureaux administratifs de la FOKAL, des espaces de rencontre et d\u2019exposition. Des activit\u00e9s de qualit\u00e9, offertes gratuitement au public, permettent de rencontrer des artistes et des intellectuels ha\u00eftiens et \u00e9trangers, et d&#8217;avoir acc\u00e8s \u00e0 l&#8217;information et au savoir.<\/p><p><strong>La salle FOKAL-UNESCO<\/strong><\/p><p>La salle FOKAL-Unesco est un auditorium de 130 places ouvert aux conf\u00e9rences, d\u00e9bats, rencontres, projections, concerts et spectacles. Il est dot\u00e9 d\u2019un \u00e9quipement de pointe pour l\u2019\u00e9clairage, le son, la captation des spectacles, le tournage en condition de studio et la traduction simultan\u00e9e.<\/p><p><strong>Les Jardins <\/strong><\/p><p>Ce sont des espaces de jeu, de loisirs, d&#8217;exposition et de spectacles en plein air. Le Centre culturel est dot\u00e9 d&#8217;un grand parking d&#8217;une quarantaine de places qui sert parfois de lieu pour des concerts en plein air, des foires et des expositions. En outre, une tonnelle con\u00e7ue par l&#8217;architecte Fr\u00e9d\u00e9ric Mangon\u00e8s sert \u00e0 des ateliers, des formations, les r\u00e9p\u00e9titions des troupes de th\u00e9\u00e2tre et les rencontres de jeunes.<\/p><p><strong>La Biblioth\u00e8que Monique Calixte (BMC):<\/strong><strong>\u00a0<\/strong><\/p><p>Les jeunes des quartiers d\u00e9favoris\u00e9s ont acc\u00e8s \u00e0 la lecture dans des conditions optimales. On y propose des activit\u00e9s pour les enfants (contes, ateliers de th\u00e9\u00e2tre et d&#8217;arts plastiques), des rencontres avec des \u00e9crivains, des lectures publiques, une assistance \u00e0 la recherche, des expositions et des ateliers th\u00e9matiques. Une dizaine d&#8217;ordinateurs sont \u00e0 la disposition des lecteurs ainsi qu\u2019une assistance technique \u00e0 la recherche et des sessions de formation.<\/p><p>La BMC fait partie du r\u00e9seau\u00a0LITTAFCAR\u00a0(<a href=\"http:\/\/www.littafcar.org\">www.littafcar.org<\/a>) pour la promotion de la litt\u00e9rature des pays d\u2019Afrique et des Cara\u00efbes.<\/p>\t\t\t\t\t\t\t\t<\/div>\n\t\t\t\t\t<\/div>\n\t\t\t\t<\/div>\n\t\t\t\t<\/div>\n\t\t","protected":false},"excerpt":{"rendered":"<p>Au c\u0153ur de Port-au-Prince, le centre culturel de FOKAL, [&hellip;]<\/p>\n","protected":false},"author":1,"featured_media":0,"parent":0,"menu_order":0,"comment_status":"closed","ping_status":"closed","template":"","meta":{"give_campaign_id":0,"footnotes":""},"class_list":["post-14910","page","type-page","status-publish","hentry"],"campaignId":"","_links":{"self":[{"href":"http:\/\/betatest.fokal.org\/index.php\/wp-json\/wp\/v2\/pages\/14910","targetHints":{"allow":["GET"]}}],"collection":[{"href":"http:\/\/betatest.fokal.org\/index.php\/wp-json\/wp\/v2\/pages"}],"about":[{"href":"http:\/\/betatest.fokal.org\/index.php\/wp-json\/wp\/v2\/types\/page"}],"author":[{"embeddable":true,"href":"http:\/\/betatest.fokal.org\/index.php\/wp-json\/wp\/v2\/users\/1"}],"replies":[{"embeddable":true,"href":"http:\/\/betatest.fokal.org\/index.php\/wp-json\/wp\/v2\/comments?post=14910"}],"version-history":[{"count":7,"href":"http:\/\/betatest.fokal.org\/index.php\/wp-json\/wp\/v2\/pages\/14910\/revisions"}],"predecessor-version":[{"id":14927,"href":"http:\/\/betatest.fokal.org\/index.php\/wp-json\/wp\/v2\/pages\/14910\/revisions\/14927"}],"wp:attachment":[{"href":"http:\/\/betatest.fokal.org\/index.php\/wp-json\/wp\/v2\/media?parent=14910"}],"curies":[{"name":"wp","href":"https:\/\/api.w.org\/{rel}","templated":true}]}}